{"id":8511,"date":"2022-06-09T16:14:39","date_gmt":"2022-06-09T14:14:39","guid":{"rendered":"https:\/\/www.helixor.de\/bestellung-per-formular-qr-code\/"},"modified":"2022-07-14T08:08:21","modified_gmt":"2022-07-14T06:08:21","slug":"bestellung-per-formular-qr-code","status":"publish","type":"page","link":"https:\/\/www.helixor.de\/de-ch\/bestellung-per-formular-qr-code\/","title":{"rendered":"Bestellung per Formular: QR Code"},"content":{"rendered":"\n<style type=\"text\/css\" data-created_by=\"avia_inline_auto\" id=\"style-css-av-7i6lte-fe5c3c120ad57bc7df38d947f9cee1bc\">\n.avia-section.av-7i6lte-fe5c3c120ad57bc7df38d947f9cee1bc{\nbackground-color:rgba(255,255,255,0.01);\nbackground-repeat:no-repeat;\nbackground-image:url(https:\/\/www.helixor.de\/wp-content\/uploads\/2021\/09\/Integrative-Onkologie_Headerbild.jpg);\nbackground-position:50% 0%;\nbackground-attachment:scroll;\n}\n<\/style>\n<div id='av_section_1'  class='avia-section av-7i6lte-fe5c3c120ad57bc7df38d947f9cee1bc main_color avia-section-default avia-no-border-styling  avia-builder-el-0  el_before_av_section  avia-builder-el-first  mob-h400 text-bottom wide-top-section avia-full-stretch avia-bg-style-scroll  av-minimum-height av-minimum-height-75  container_wrap fullsize'  data-section-bg-repeat='stretch' data-av_minimum_height_pc='75'><div class='container av-section-cont-open' ><main  role=\"main\" itemprop=\"mainContentOfPage\"  class='template-page content  av-content-full alpha units'><div class='post-entry post-entry-type-page post-entry-8511'><div class='entry-content-wrapper clearfix'>\n\n<style type=\"text\/css\" data-created_by=\"avia_inline_auto\" id=\"style-css-av-6f8uuq-c5fb077c11ff1c4be3168d325f32db4f\">\n.flex_column.av-6f8uuq-c5fb077c11ff1c4be3168d325f32db4f{\nborder-radius:0px 0px 0px 0px;\n-webkit-border-radius:0px 0px 0px 0px;\n-moz-border-radius:0px 0px 0px 0px;\n}\n<\/style>\n<div class='flex_column av-6f8uuq-c5fb077c11ff1c4be3168d325f32db4f av_one_full  avia-builder-el-1  avia-builder-el-no-sibling  first flex_column_div av-zero-column-padding '   ><p>\n<style type=\"text\/css\" data-created_by=\"avia_inline_auto\" id=\"style-css-av-4wlwo2-6464fdce1746ca1764d4b3a8e72ffc08\">\n#top .av-special-heading.av-4wlwo2-6464fdce1746ca1764d4b3a8e72ffc08{\npadding-bottom:10px;\ncolor:#ffffff;\n}\n.av-special-heading.av-4wlwo2-6464fdce1746ca1764d4b3a8e72ffc08 .special-heading-inner-border{\nborder-color:#ffffff;\n}\n<\/style>\n<div  class='av-special-heading av-4wlwo2-6464fdce1746ca1764d4b3a8e72ffc08 av-special-heading-h1 custom-color-heading blockquote modern-quote  avia-builder-el-2  el_before_av_hr  avia-builder-el-first  big-top-title white-title '><h1 class='av-special-heading-tag '  itemprop=\"headline\"  >Herzlichen Willkommen<\/h1><div class='special-heading-border'><div class='special-heading-inner-border'><\/div><\/div><\/div><br \/>\n\n<style type=\"text\/css\" data-created_by=\"avia_inline_auto\" id=\"style-css-av-2b1f8i-3911ddddb4c6a1742d569593eea3d22d\">\n#top .hr.hr-invisible.av-2b1f8i-3911ddddb4c6a1742d569593eea3d22d{\nheight:150px;\n}\n<\/style>\n<div  class='hr av-2b1f8i-3911ddddb4c6a1742d569593eea3d22d hr-invisible  avia-builder-el-3  el_after_av_heading  avia-builder-el-last   av-small-hide av-mini-hide'><span class='hr-inner '><span class=\"hr-inner-style\"><\/span><\/span><\/div><\/p><\/div>\n\n<\/div><\/div><\/main><!-- close content main element --><\/div><\/div>\n<style type=\"text\/css\" data-created_by=\"avia_inline_auto\" id=\"style-css-av-23bxzw-30f46512562d0adeee97be010c76cb19\">\n.avia-section.av-23bxzw-30f46512562d0adeee97be010c76cb19{\nbackground-color:rgba(0,0,0,0.01);\nbackground-repeat:no-repeat;\nbackground-image:url(https:\/\/www.helixor.de\/wp-content\/uploads\/2021\/03\/Pfad_661.png);\nbackground-position:0% 0%;\nbackground-attachment:scroll;\n}\n<\/style>\n<div id='av_section_2'  class='avia-section av-23bxzw-30f46512562d0adeee97be010c76cb19 main_color avia-section-no-padding avia-no-border-styling  avia-builder-el-4  el_after_av_section  el_before_av_section  section-2 white-divider avia-full-stretch avia-bg-style-scroll  container_wrap fullsize'  data-section-bg-repeat='stretch'><div class='container av-section-cont-open' ><div class='template-page content  av-content-full alpha units'><div class='post-entry post-entry-type-page post-entry-8511'><div class='entry-content-wrapper clearfix'>\n<\/div><\/div><\/div><!-- close content main div --><\/div><\/div><div id='av_section_3'  class='avia-section av-ba1xs2-2219997304741e213ca4396f69a48495 main_color avia-section-default avia-no-border-styling  avia-builder-el-5  el_after_av_section  el_before_av_section  custom-text avia-bg-style-scroll  container_wrap fullsize'  ><div class='container av-section-cont-open' ><div class='template-page content  av-content-full alpha units'><div class='post-entry post-entry-type-page post-entry-8511'><div class='entry-content-wrapper clearfix'>\n\n<style type=\"text\/css\" data-created_by=\"avia_inline_auto\" id=\"style-css-av-8nfaw2-fbd4e3f2ba50687e3e445b2c69a46450\">\n#top .hr.hr-invisible.av-8nfaw2-fbd4e3f2ba50687e3e445b2c69a46450{\nmargin-top:-80px;\nheight:1px;\n}\n<\/style>\n<div  class='hr av-8nfaw2-fbd4e3f2ba50687e3e445b2c69a46450 hr-invisible  avia-builder-el-6  el_before_av_heading  avia-builder-el-first  '><span class='hr-inner '><span class=\"hr-inner-style\"><\/span><\/span><\/div>\n\n<style type=\"text\/css\" data-created_by=\"avia_inline_auto\" id=\"style-css-av-kwl9bs9w-6f566fc2f2bc16ecfced973d1655c2bf\">\n#top .av-special-heading.av-kwl9bs9w-6f566fc2f2bc16ecfced973d1655c2bf{\npadding-bottom:0px;\n}\n<\/style>\n<div  class='av-special-heading av-kwl9bs9w-6f566fc2f2bc16ecfced973d1655c2bf av-special-heading-h2 blockquote modern-quote  avia-builder-el-7  el_after_av_hr  el_before_av_one_half  orange-h fs-36 w-700 '><h2 class='av-special-heading-tag '  itemprop=\"headline\"  >Helleborustherapie in der integrativen Onkologie<\/h2><div class='special-heading-border'><div class='special-heading-inner-border'><\/div><\/div><\/div>\n<div class='flex_column_table av-6styvm-788a57675c579d93aa9ef5a4f4d5dbba sc-av_one_half av-equal-height-column-flextable'>\n<style type=\"text\/css\" data-created_by=\"avia_inline_auto\" id=\"style-css-av-6styvm-788a57675c579d93aa9ef5a4f4d5dbba\">\n.flex_column.av-6styvm-788a57675c579d93aa9ef5a4f4d5dbba{\nborder-radius:0px 0px 0px 0px;\n-webkit-border-radius:0px 0px 0px 0px;\n-moz-border-radius:0px 0px 0px 0px;\n}\n<\/style>\n<div class='flex_column av-6styvm-788a57675c579d93aa9ef5a4f4d5dbba av_one_half  avia-builder-el-8  el_after_av_heading  el_before_av_one_half  first flex_column_table_cell av-equal-height-column av-align-top av-zero-column-padding '   ><p>\n<style type=\"text\/css\" data-created_by=\"avia_inline_auto\" id=\"style-css-av-5el74y-03d91a59cb8fde175bbc3d38d2182c86\">\n#top .hr.hr-invisible.av-5el74y-03d91a59cb8fde175bbc3d38d2182c86{\nmargin-top:-50px;\nheight:1px;\n}\n<\/style>\n<div  class='hr av-5el74y-03d91a59cb8fde175bbc3d38d2182c86 hr-invisible  avia-builder-el-9  el_before_av_textblock  avia-builder-el-first  '><span class='hr-inner '><span class=\"hr-inner-style\"><\/span><\/span><\/div><br \/>\n<section class=\"av_textblock_section \"  itemscope=\"itemscope\" itemtype=\"https:\/\/schema.org\/CreativeWork\" ><div class='avia_textblock fs-18 lh-26 av_inherit_color '  style='font-size:18px; '  itemprop=\"text\" ><p><strong>Ich bestelle das kostenfreie Info-Paket mit folgendem Inhalt:<\/strong><\/p>\n<ol>\n<li>Flyer &#8220;Pflanzenportrait Christrose &#8211; Halt finden. In jedem Augenblick.&#8221;<\/li>\n<li>Flyer &#8220;Produktinformationen Helleborus niger aquos.&#8221;<\/li>\n<li>Sonderdruck: &#8220;Christrose &#8211; botanisches Ph\u00e4nomen mit therapeutischen Potenzial (D. Mackert, CO.med 1-22)&#8221;<\/li>\n<li>Sonderdruck: &#8220;Komplement\u00e4re Therapie bei metastasiertem Rektumkarzinom &#8211; ein Fallbericht (F. Migeod, Naturheilkunde Journal 11-21)&#8221;<\/li>\n<li>Erstinformation f\u00fcr Patient*innen\u00a0 (10 St\u00fcck) zur Mitnahme<\/li>\n<\/ol>\n<\/div><\/section><\/p><\/div><div class='av-flex-placeholder'><\/div>\n<style type=\"text\/css\" data-created_by=\"avia_inline_auto\" id=\"style-css-av-3t22ya-f156b5a1db0dd5643267698f8bdc1916\">\n.flex_column.av-3t22ya-f156b5a1db0dd5643267698f8bdc1916{\nborder-radius:0px 0px 0px 0px;\n-webkit-border-radius:0px 0px 0px 0px;\n-moz-border-radius:0px 0px 0px 0px;\n}\n<\/style>\n<div class='flex_column av-3t22ya-f156b5a1db0dd5643267698f8bdc1916 av_one_half  avia-builder-el-11  el_after_av_one_half  avia-builder-el-last  io-right-graph flex_column_table_cell av-equal-height-column av-align-top av-zero-column-padding '   ><p>\n<style type=\"text\/css\" data-created_by=\"avia_inline_auto\" id=\"style-css-av-9zble-6303a8e731d12ad39dc8e0b72bf6fef2\">\n#top .hr.hr-invisible.av-9zble-6303a8e731d12ad39dc8e0b72bf6fef2{\nmargin-top:-50px;\nheight:1px;\n}\n<\/style>\n<div  class='hr av-9zble-6303a8e731d12ad39dc8e0b72bf6fef2 hr-invisible  avia-builder-el-12  el_before_av_image  avia-builder-el-first   av-small-hide av-mini-hide'><span class='hr-inner '><span class=\"hr-inner-style\"><\/span><\/span><\/div><br \/>\n\n<style type=\"text\/css\" data-created_by=\"avia_inline_auto\" id=\"style-css-av-kwl9cnx7-6b208dc4da0f470145cbc70b5e142976\">\n.avia-image-container.av-kwl9cnx7-6b208dc4da0f470145cbc70b5e142976 .av-image-caption-overlay-center{\ncolor:#ffffff;\n}\n<\/style>\n<div  class='avia-image-container av-kwl9cnx7-6b208dc4da0f470145cbc70b5e142976 av-styling- avia-align-center  avia-builder-el-13  el_after_av_hr  avia-builder-el-last  img-graph '  itemprop=\"image\" itemscope=\"itemscope\" itemtype=\"https:\/\/schema.org\/ImageObject\" ><div class=\"avia-image-container-inner\"><div class=\"avia-image-overlay-wrap\"><a href=\"\/wp-content\/uploads\/2021\/09\/Integrative-Onkologie_Grafik_Pop-up.png\" class='avia_image' ><img decoding=\"async\" width=\"1030\" height=\"611\" class='wp-image-8486 avia-img-lazy-loading-not-8486 avia_image' src=\"https:\/\/www.helixor.de\/wp-content\/uploads\/2022\/06\/Mockup_HelleboruslaunchCH_20220524-1030x611.png\" alt='' title='Mockup_HelleboruslaunchCH_20220524'  itemprop=\"thumbnailUrl\" srcset=\"https:\/\/www.helixor.de\/wp-content\/uploads\/2022\/06\/Mockup_HelleboruslaunchCH_20220524-1030x611.png 1030w, https:\/\/www.helixor.de\/wp-content\/uploads\/2022\/06\/Mockup_HelleboruslaunchCH_20220524-300x178.png 300w, https:\/\/www.helixor.de\/wp-content\/uploads\/2022\/06\/Mockup_HelleboruslaunchCH_20220524-768x456.png 768w, https:\/\/www.helixor.de\/wp-content\/uploads\/2022\/06\/Mockup_HelleboruslaunchCH_20220524-1536x911.png 1536w, https:\/\/www.helixor.de\/wp-content\/uploads\/2022\/06\/Mockup_HelleboruslaunchCH_20220524-2048x1215.png 2048w, https:\/\/www.helixor.de\/wp-content\/uploads\/2022\/06\/Mockup_HelleboruslaunchCH_20220524-1500x890.png 1500w, https:\/\/www.helixor.de\/wp-content\/uploads\/2022\/06\/Mockup_HelleboruslaunchCH_20220524-705x418.png 705w\" sizes=\"(max-width: 1030px) 100vw, 1030px\" \/><\/a><\/div><\/div><\/div><\/p><\/div><\/div><!--close column table wrapper. Autoclose: 1 -->\n\n<\/div><\/div><\/div><!-- close content main div --><\/div><\/div><div id='av_section_4'  class='avia-section av-l474em5p-7b71d923ad38353289d71050171a9f12 main_color avia-section-no-padding avia-no-border-styling  avia-builder-el-14  el_after_av_section  avia-builder-el-last  avia-bg-style-scroll  container_wrap fullsize'  ><div class='container av-section-cont-open' ><div class='template-page content  av-content-full alpha units'><div class='post-entry post-entry-type-page post-entry-8511'><div class='entry-content-wrapper clearfix'>\n<section class=\"av_textblock_section \"  itemscope=\"itemscope\" itemtype=\"https:\/\/schema.org\/CreativeWork\" ><div class='avia_textblock  '   itemprop=\"text\" >\n<div class=\"wpcf7 no-js\" id=\"wpcf7-f8484-o1\" lang=\"en-US\" dir=\"ltr\" data-wpcf7-id=\"8484\">\n<div class=\"screen-reader-response\"><p role=\"status\" aria-live=\"polite\" aria-atomic=\"true\"><\/p> <ul><\/ul><\/div>\n<form action=\"\/de-ch\/wp-json\/wp\/v2\/pages\/8511#wpcf7-f8484-o1\" method=\"post\" class=\"wpcf7-form init\" aria-label=\"Contact form\" novalidate=\"novalidate\" data-status=\"init\">\n<fieldset class=\"hidden-fields-container\"><input type=\"hidden\" name=\"_wpcf7\" value=\"8484\" \/><input type=\"hidden\" name=\"_wpcf7_version\" value=\"6.1.5\" \/><input type=\"hidden\" name=\"_wpcf7_locale\" value=\"en_US\" \/><input type=\"hidden\" name=\"_wpcf7_unit_tag\" value=\"wpcf7-f8484-o1\" \/><input type=\"hidden\" name=\"_wpcf7_container_post\" value=\"0\" \/><input type=\"hidden\" name=\"_wpcf7_posted_data_hash\" value=\"\" \/>\n<\/fieldset>\n<div class=\"event-form-wrap form-infomaterial-01 select-box info_01\">\n\t<p style=\"font-size:20px;\" class=\"fw-600\">Bitte w\u00e4hlen Sie die gew\u00fcnschte Bestellart und f\u00fcllen Sie das Kontaktformular aus.\n\t<\/p>\n\t<div class=\"select-wrap\">\n\t\t<div class=\"select-item infomaterial-wrap\">\n\t\t\t<div class=\"si-left\">\n\t\t\t\t<p><span class=\"wpcf7-form-control-wrap\" data-name=\"brochure-01\"><span class=\"wpcf7-form-control wpcf7-checkbox\"><span class=\"wpcf7-list-item first last\"><label><input type=\"checkbox\" name=\"brochure-01[]\" value=\"Ich bestelle das kostenfreie Info-Paket per Post\" \/><span class=\"wpcf7-list-item-label\">Ich bestelle das kostenfreie Info-Paket per Post<\/span><\/label><\/span><\/span><\/span>\n\t\t\t\t<\/p>\n\t\t\t<\/div>\n\t\t\t<div class=\"si-right\">\n\t\t\t\t<p><span class=\"wpcf7-form-control-wrap\" data-name=\"num-01\"><input class=\"wpcf7-form-control wpcf7-number wpcf7-validates-as-number\" aria-invalid=\"false\" placeholder=\"0\" value=\"\" type=\"number\" name=\"num-01\" \/><\/span>\n\t\t\t\t<\/p>\n\t\t\t<\/div>\n\t\t<\/div>\n\t\t<div class=\"select-item infomaterial-wrap\">\n\t\t\t<div class=\"si-left\">\n\t\t\t\t<p><span class=\"wpcf7-form-control-wrap\" data-name=\"brochure-02\"><span class=\"wpcf7-form-control wpcf7-checkbox\"><span class=\"wpcf7-list-item first last\"><label><input type=\"checkbox\" name=\"brochure-02[]\" value=\"Ich h\u00e4tte das kostenfreie Info-Paket gerne digital per E-Mail\" \/><span class=\"wpcf7-list-item-label\">Ich h\u00e4tte das kostenfreie Info-Paket gerne digital per E-Mail<\/span><\/label><\/span><\/span><\/span>\n\t\t\t\t<\/p>\n\t\t\t<\/div>\n\t\t\t<div class=\"si-right\">\n\t\t\t\t<p><span class=\"wpcf7-form-control-wrap\" data-name=\"num-02\"><input class=\"wpcf7-form-control wpcf7-number wpcf7-validates-as-number\" aria-invalid=\"false\" placeholder=\"0\" value=\"\" type=\"number\" name=\"num-02\" \/><\/span>\n\t\t\t\t<\/p>\n\t\t\t<\/div>\n\t\t<\/div>\n\t<\/div>\n\t<div class=\"praxisfinder-wrap\">\n\t\t<div class=\"praxisfinder-box\">\n\t\t\t<div class=\"praxisfinder-1\">\n\t\t\t\t<p><span class=\"wpcf7-form-control-wrap\" data-name=\"vorname\"><input size=\"40\" maxlength=\"400\" class=\"wpcf7-form-control wpcf7-text wpcf7-validates-as-required\" aria-required=\"true\" aria-invalid=\"false\" placeholder=\"Vorname*\" value=\"\" type=\"text\" name=\"vorname\" \/><\/span><span class=\"wpcf7-form-control-wrap\" data-name=\"nachname\"><input size=\"40\" maxlength=\"400\" class=\"wpcf7-form-control wpcf7-text wpcf7-validates-as-required\" aria-required=\"true\" aria-invalid=\"false\" placeholder=\"Nachname*\" value=\"\" type=\"text\" name=\"nachname\" \/><\/span>\n\t\t\t\t<\/p>\n\t\t\t<\/div>\n\t\t\t<div class=\"praxisfinder-2\">\n\t\t\t\t<p><span class=\"wpcf7-form-control-wrap\" data-name=\"e-mail-adresse\"><input size=\"40\" maxlength=\"400\" class=\"wpcf7-form-control wpcf7-email wpcf7-validates-as-required wpcf7-text wpcf7-validates-as-email\" aria-required=\"true\" aria-invalid=\"false\" placeholder=\"E-Mail-Adresse*\" value=\"\" type=\"email\" name=\"e-mail-adresse\" \/><\/span><span class=\"wpcf7-form-control-wrap\" data-name=\"strasse\"><input size=\"40\" maxlength=\"400\" class=\"wpcf7-form-control wpcf7-text wpcf7-validates-as-required\" aria-required=\"true\" aria-invalid=\"false\" placeholder=\"Stra\u00dfe*\" value=\"\" type=\"text\" name=\"strasse\" \/><\/span>\n\t\t\t\t<\/p>\n\t\t\t<\/div>\n\t\t\t<div class=\"praxisfinder-3\">\n\t\t\t\t<p><span class=\"wpcf7-form-control-wrap\" data-name=\"land\"><input size=\"40\" maxlength=\"400\" class=\"wpcf7-form-control wpcf7-text wpcf7-validates-as-required\" aria-required=\"true\" aria-invalid=\"false\" placeholder=\"Land*\" value=\"\" type=\"text\" name=\"land\" \/><\/span><span class=\"wpcf7-form-control-wrap\" data-name=\"ort\"><input size=\"40\" maxlength=\"400\" class=\"wpcf7-form-control wpcf7-text wpcf7-validates-as-required\" aria-required=\"true\" aria-invalid=\"false\" placeholder=\"Ort*\" value=\"\" type=\"text\" name=\"ort\" \/><\/span><span class=\"wpcf7-form-control-wrap\" data-name=\"plz\"><input size=\"40\" maxlength=\"400\" class=\"wpcf7-form-control wpcf7-text wpcf7-validates-as-required\" aria-required=\"true\" aria-invalid=\"false\" placeholder=\"PLZ*\" value=\"\" type=\"text\" name=\"plz\" \/><\/span>\n\t\t\t\t<\/p>\n\t\t\t<\/div>\n\t\t<\/div>\n\t\t<div class=\"e-select\">\n\t\t\t<p><span class=\"wpcf7-form-control-wrap\" data-name=\"checkbox-01\"><span class=\"wpcf7-form-control wpcf7-checkbox wpcf7-validates-as-required\"><span class=\"wpcf7-list-item first last\"><label><input type=\"checkbox\" name=\"checkbox-01[]\" value=\"Einwilligung zur Datennutzung*\" \/><span class=\"wpcf7-list-item-label\">Einwilligung zur Datennutzung*<\/span><\/label><\/span><\/span><\/span>\n\t\t\t<\/p>\n\t\t<\/div>\n\t\t<p class=\"small-p select-p\"><br \/>\nIch willige ein, dass die Helixor Heilmittel GmbH meine Daten zur Erf\u00fcllung meiner Bestellungsanfrage verwenden werden darf. Die Daten werden nicht an Dritte weitergegeben.\n\t\t<\/p>\n\t\t<div class=\"e-select\">\n\t\t\t<p><span class=\"wpcf7-form-control-wrap\" data-name=\"checkbox-02\"><span class=\"wpcf7-form-control wpcf7-checkbox\"><span class=\"wpcf7-list-item first last\"><label><input type=\"checkbox\" name=\"checkbox-02[]\" value=\"Ich m\u00f6chte informiert bleiben!\" \/><span class=\"wpcf7-list-item-label\">Ich m\u00f6chte informiert bleiben!<\/span><\/label><\/span><\/span><\/span>\n\t\t\t<\/p>\n\t\t<\/div>\n\t\t<p class=\"small-p select-p\"><br \/>\nIch bin einverstanden, dass die Helixor Heilmittel GmbH mir schriftlich, telefonisch oder per E-Mail auch weiterhin Informationen \u00fcber ihre Produkte oder das Unternehmen \u00fcbermittelt. Meine Einwilligung kann ich jederzeit per E-Mail an abmeldung@helixor.de widerrufen.<br \/>\nDie mit * gekennzeichneten Felder sind Pflichtfelder.\n\t\t<\/p>\n\t\t<div class=\"praxisfinder-send\">\n\t\t\t<p><input class=\"wpcf7-form-control wpcf7-submit has-spinner\" type=\"submit\" value=\"kostenfreie Bestellung absenden\" \/>\n\t\t\t<\/p>\n\t\t<\/div>\n\t<\/div>\n<\/div><div class=\"frc-captcha \" data-sitekey=\"FCMN4A1D3RDL2KB5\" data-lang=\"de\" ><\/div>\n\t\t<noscript>You need to enable Javascript for the anti-spam check.<\/noscript><div class=\"wpcf7-response-output\" aria-hidden=\"true\"><\/div>\n<\/form>\n<\/div>\n\n<\/div><\/section>\n\n<style type=\"text\/css\" data-created_by=\"avia_inline_auto\" id=\"style-css-av-l474tgs3-43b7922f693637c62ec0a2a5cc30751f\">\n#top .hr.hr-invisible.av-l474tgs3-43b7922f693637c62ec0a2a5cc30751f{\nheight:50px;\n}\n<\/style>\n<div  class='hr av-l474tgs3-43b7922f693637c62ec0a2a5cc30751f hr-invisible  avia-builder-el-16  el_after_av_textblock  avia-builder-el-last  '><span class='hr-inner '><span class=\"hr-inner-style\"><\/span><\/span><\/div>\n\n","protected":false},"excerpt":{"rendered":"","protected":false},"author":5,"featured_media":0,"parent":0,"menu_order":0,"comment_status":"closed","ping_status":"closed","template":"","meta":{"_acf_changed":false,"inline_featured_image":false,"footnotes":""},"class_list":["post-8511","page","type-page","status-publish","hentry"],"acf":[],"yoast_head":"<!-- This site is optimized with the Yoast SEO plugin v27.5 - https:\/\/yoast.com\/product\/yoast-seo-wordpress\/ -->\n<title>Bestellung per Formular: QR Code - Helixor<\/title>\n<meta name=\"robots\" content=\"index, follow, max-snippet:-1, max-image-preview:large, max-video-preview:-1\" \/>\n<link rel=\"canonical\" href=\"https:\/\/www.helixor.de\/de-ch\/bestellung-per-formular-qr-code\/\" \/>\n<meta property=\"og:locale\" content=\"de_DE\" \/>\n<meta property=\"og:type\" content=\"article\" \/>\n<meta property=\"og:title\" content=\"Bestellung per Formular: QR Code - Helixor\" \/>\n<meta property=\"og:url\" content=\"https:\/\/www.helixor.de\/de-ch\/bestellung-per-formular-qr-code\/\" \/>\n<meta property=\"og:site_name\" content=\"Helixor\" \/>\n<meta property=\"article:modified_time\" content=\"2022-07-14T06:08:21+00:00\" \/>\n<meta name=\"twitter:card\" content=\"summary_large_image\" \/>\n<meta name=\"twitter:label1\" content=\"Gesch\u00e4tzte Lesezeit\" \/>\n\t<meta name=\"twitter:data1\" content=\"3\u00a0Minuten\" \/>\n<script type=\"application\/ld+json\" class=\"yoast-schema-graph\">{\"@context\":\"https:\\\/\\\/schema.org\",\"@graph\":[{\"@type\":\"WebPage\",\"@id\":\"https:\\\/\\\/www.helixor.de\\\/de-ch\\\/bestellung-per-formular-qr-code\\\/\",\"url\":\"https:\\\/\\\/www.helixor.de\\\/de-ch\\\/bestellung-per-formular-qr-code\\\/\",\"name\":\"Bestellung per Formular: QR Code - Helixor\",\"isPartOf\":{\"@id\":\"https:\\\/\\\/www.helixor.de\\\/#website\"},\"datePublished\":\"2022-06-09T14:14:39+00:00\",\"dateModified\":\"2022-07-14T06:08:21+00:00\",\"breadcrumb\":{\"@id\":\"https:\\\/\\\/www.helixor.de\\\/de-ch\\\/bestellung-per-formular-qr-code\\\/#breadcrumb\"},\"inLanguage\":\"de-CH\",\"potentialAction\":[{\"@type\":\"ReadAction\",\"target\":[\"https:\\\/\\\/www.helixor.de\\\/de-ch\\\/bestellung-per-formular-qr-code\\\/\"]}]},{\"@type\":\"BreadcrumbList\",\"@id\":\"https:\\\/\\\/www.helixor.de\\\/de-ch\\\/bestellung-per-formular-qr-code\\\/#breadcrumb\",\"itemListElement\":[{\"@type\":\"ListItem\",\"position\":1,\"name\":\"Startseite\",\"item\":\"https:\\\/\\\/www.helixor.de\\\/de-ch\\\/home-page\\\/\"},{\"@type\":\"ListItem\",\"position\":2,\"name\":\"Bestellung per Formular: QR Code\"}]},{\"@type\":\"WebSite\",\"@id\":\"https:\\\/\\\/www.helixor.de\\\/#website\",\"url\":\"https:\\\/\\\/www.helixor.de\\\/\",\"name\":\"Helixor\",\"description\":\"Dem Leben Leben geben.\",\"potentialAction\":[{\"@type\":\"SearchAction\",\"target\":{\"@type\":\"EntryPoint\",\"urlTemplate\":\"https:\\\/\\\/www.helixor.de\\\/?s={search_term_string}\"},\"query-input\":{\"@type\":\"PropertyValueSpecification\",\"valueRequired\":true,\"valueName\":\"search_term_string\"}}],\"inLanguage\":\"de-CH\"}]}<\/script>\n<!-- \/ Yoast SEO plugin. -->","yoast_head_json":{"title":"Bestellung per Formular: QR Code - Helixor","robots":{"index":"index","follow":"follow","max-snippet":"max-snippet:-1","max-image-preview":"max-image-preview:large","max-video-preview":"max-video-preview:-1"},"canonical":"https:\/\/www.helixor.de\/de-ch\/bestellung-per-formular-qr-code\/","og_locale":"de_DE","og_type":"article","og_title":"Bestellung per Formular: QR Code - Helixor","og_url":"https:\/\/www.helixor.de\/de-ch\/bestellung-per-formular-qr-code\/","og_site_name":"Helixor","article_modified_time":"2022-07-14T06:08:21+00:00","twitter_card":"summary_large_image","twitter_misc":{"Gesch\u00e4tzte Lesezeit":"3\u00a0Minuten"},"schema":{"@context":"https:\/\/schema.org","@graph":[{"@type":"WebPage","@id":"https:\/\/www.helixor.de\/de-ch\/bestellung-per-formular-qr-code\/","url":"https:\/\/www.helixor.de\/de-ch\/bestellung-per-formular-qr-code\/","name":"Bestellung per Formular: QR Code - Helixor","isPartOf":{"@id":"https:\/\/www.helixor.de\/#website"},"datePublished":"2022-06-09T14:14:39+00:00","dateModified":"2022-07-14T06:08:21+00:00","breadcrumb":{"@id":"https:\/\/www.helixor.de\/de-ch\/bestellung-per-formular-qr-code\/#breadcrumb"},"inLanguage":"de-CH","potentialAction":[{"@type":"ReadAction","target":["https:\/\/www.helixor.de\/de-ch\/bestellung-per-formular-qr-code\/"]}]},{"@type":"BreadcrumbList","@id":"https:\/\/www.helixor.de\/de-ch\/bestellung-per-formular-qr-code\/#breadcrumb","itemListElement":[{"@type":"ListItem","position":1,"name":"Startseite","item":"https:\/\/www.helixor.de\/de-ch\/home-page\/"},{"@type":"ListItem","position":2,"name":"Bestellung per Formular: QR Code"}]},{"@type":"WebSite","@id":"https:\/\/www.helixor.de\/#website","url":"https:\/\/www.helixor.de\/","name":"Helixor","description":"Dem Leben Leben geben.","potentialAction":[{"@type":"SearchAction","target":{"@type":"EntryPoint","urlTemplate":"https:\/\/www.helixor.de\/?s={search_term_string}"},"query-input":{"@type":"PropertyValueSpecification","valueRequired":true,"valueName":"search_term_string"}}],"inLanguage":"de-CH"}]}},"_links":{"self":[{"href":"https:\/\/www.helixor.de\/de-ch\/wp-json\/wp\/v2\/pages\/8511","targetHints":{"allow":["GET"]}}],"collection":[{"href":"https:\/\/www.helixor.de\/de-ch\/wp-json\/wp\/v2\/pages"}],"about":[{"href":"https:\/\/www.helixor.de\/de-ch\/wp-json\/wp\/v2\/types\/page"}],"author":[{"embeddable":true,"href":"https:\/\/www.helixor.de\/de-ch\/wp-json\/wp\/v2\/users\/5"}],"replies":[{"embeddable":true,"href":"https:\/\/www.helixor.de\/de-ch\/wp-json\/wp\/v2\/comments?post=8511"}],"version-history":[{"count":3,"href":"https:\/\/www.helixor.de\/de-ch\/wp-json\/wp\/v2\/pages\/8511\/revisions"}],"predecessor-version":[{"id":9388,"href":"https:\/\/www.helixor.de\/de-ch\/wp-json\/wp\/v2\/pages\/8511\/revisions\/9388"}],"wp:attachment":[{"href":"https:\/\/www.helixor.de\/de-ch\/wp-json\/wp\/v2\/media?parent=8511"}],"curies":[{"name":"wp","href":"https:\/\/api.w.org\/{rel}","templated":true}]}}