{"id":7571,"date":"2021-12-21T13:22:40","date_gmt":"2021-12-21T12:22:40","guid":{"rendered":"https:\/\/www.helixor.de\/map-3\/"},"modified":"2024-04-11T08:29:16","modified_gmt":"2024-04-11T06:29:16","slug":"praxisfinder","status":"publish","type":"page","link":"https:\/\/www.helixor.de\/de-ch\/praxisfinder\/","title":{"rendered":"Praxisfinder"},"content":{"rendered":"\n<style type=\"text\/css\" data-created_by=\"avia_inline_auto\" id=\"style-css-av-48nndy-25d35d31b8846e4463d8509f1d075eff\">\n.avia-section.av-48nndy-25d35d31b8846e4463d8509f1d075eff{\nbackground-color:rgba(255,255,255,0.01);\nbackground-repeat:no-repeat;\nbackground-image:url(https:\/\/www.helixor.de\/wp-content\/uploads\/2023\/03\/Header-Praxisfinder-1.jpg);\nbackground-position:50% 0%;\nbackground-attachment:scroll;\n}\n<\/style>\n<div id='av_section_1'  class='avia-section av-48nndy-25d35d31b8846e4463d8509f1d075eff main_color avia-section-default avia-no-border-styling  avia-builder-el-0  el_before_av_section  avia-builder-el-first  mob-h400 text-bottom invalid-custom-class-found invalid-custom-class-found avia-full-stretch avia-bg-style-scroll  av-minimum-height av-minimum-height-75  container_wrap fullsize'  data-section-bg-repeat='stretch' data-av_minimum_height_pc='75'><div class='container av-section-cont-open' ><main  role=\"main\" itemprop=\"mainContentOfPage\"  class='template-page content  av-content-full alpha units'><div class='post-entry post-entry-type-page post-entry-7571'><div class='entry-content-wrapper clearfix'>\n\n<style type=\"text\/css\" data-created_by=\"avia_inline_auto\" id=\"style-css-av-2y5p1i-7747057c8558dfce3f9010241ea01bba\">\n.flex_column.av-2y5p1i-7747057c8558dfce3f9010241ea01bba{\nborder-radius:0px 0px 0px 0px;\n-webkit-border-radius:0px 0px 0px 0px;\n-moz-border-radius:0px 0px 0px 0px;\n}\n<\/style>\n<div class='flex_column av-2y5p1i-7747057c8558dfce3f9010241ea01bba av_one_full  avia-builder-el-1  avia-builder-el-no-sibling  first flex_column_div av-zero-column-padding '   ><p>\n<style type=\"text\/css\" data-created_by=\"avia_inline_auto\" id=\"style-css-av-ld8yqqsz-297b64831d9829481632712b38c6dac2\">\n#top .av-special-heading.av-ld8yqqsz-297b64831d9829481632712b38c6dac2{\npadding-bottom:10px;\ncolor:#ffffff;\n}\n.av-special-heading.av-ld8yqqsz-297b64831d9829481632712b38c6dac2 .special-heading-inner-border{\nborder-color:#ffffff;\n}\n<\/style>\n<div  class='av-special-heading av-ld8yqqsz-297b64831d9829481632712b38c6dac2 av-special-heading-h1 custom-color-heading blockquote modern-quote  avia-builder-el-2  el_before_av_hr  avia-builder-el-first  big-top-title white-title '><h1 class='av-special-heading-tag '  itemprop=\"headline\"  >Wie finde ich meine Praxis?<\/h1><div class='special-heading-border'><div class='special-heading-inner-border'><\/div><\/div><\/div><br \/>\n\n<style type=\"text\/css\" data-created_by=\"avia_inline_auto\" id=\"style-css-av-ld8zfn8r-356533ba32613448b72be09c5ad1d770\">\n#top .hr.hr-invisible.av-ld8zfn8r-356533ba32613448b72be09c5ad1d770{\nheight:150px;\n}\n<\/style>\n<div  class='hr av-ld8zfn8r-356533ba32613448b72be09c5ad1d770 hr-invisible  avia-builder-el-3  el_after_av_heading  avia-builder-el-last   av-small-hide av-mini-hide'><span class='hr-inner '><span class=\"hr-inner-style\"><\/span><\/span><\/div><\/p><\/div>\n\n<\/div><\/div><\/main><!-- close content main element --><\/div><\/div>\n<style type=\"text\/css\" data-created_by=\"avia_inline_auto\" id=\"style-css-av-ldaid7me-5a76b65ffa26380052e152c4d2a7d3ba\">\n.avia-section.av-ldaid7me-5a76b65ffa26380052e152c4d2a7d3ba{\nbackground-color:rgba(0,0,0,0.01);\nbackground-repeat:no-repeat;\nbackground-image:url(https:\/\/www.helixor.de\/wp-content\/uploads\/2021\/03\/Pfad_661.png);\nbackground-position:0% 0%;\nbackground-attachment:scroll;\n}\n<\/style>\n<div id='av_section_2'  class='avia-section av-ldaid7me-5a76b65ffa26380052e152c4d2a7d3ba main_color avia-section-no-padding avia-no-border-styling  avia-builder-el-4  el_after_av_section  el_before_av_section  section-2 white-divider avia-full-stretch avia-bg-style-scroll  container_wrap fullsize'  data-section-bg-repeat='stretch'><div class='container av-section-cont-open' ><div class='template-page content  av-content-full alpha units'><div class='post-entry post-entry-type-page post-entry-7571'><div class='entry-content-wrapper clearfix'>\n<\/div><\/div><\/div><!-- close content main div --><\/div><\/div><div id='av_section_3'  class='avia-section av-70yrdy-88700e1546591b162f3c29f66dbb5b1f main_color avia-section-default avia-no-border-styling  avia-builder-el-5  el_after_av_section  el_before_av_section  avia-bg-style-scroll  container_wrap fullsize'  ><div class='container av-section-cont-open' ><div class='template-page content  av-content-full alpha units'><div class='post-entry post-entry-type-page post-entry-7571'><div class='entry-content-wrapper clearfix'>\n<div class='flex_column av-5gyiie-25ab12f78e376c216440e76d8ed1a68d av_one_full  avia-builder-el-6  avia-builder-el-no-sibling  first flex_column_div '   ><section class=\"av_textblock_section \"  itemscope=\"itemscope\" itemtype=\"https:\/\/schema.org\/CreativeWork\" ><div class='avia_textblock  av_inherit_color '  style='font-size:18px; '  itemprop=\"text\" ><p><span style=\"font-weight: 400;\">Dieser Praxisfinder zeigt Ihnen Praxen mit integrativ-medizinischen bzw. naturheilkundlichen Behandlungsangeboten wie der Misteltherapie oder der Helleborustherapie.<\/span><\/p>\n<p>Kliniken und weitere hilfreiche Adressen finden Sie <a href=\"https:\/\/www.helixor.de\/integrative-onkologie\/#adressen-und-anlaufstellen\">hier<\/a>.<\/p>\n<p><span style=\"font-weight: 400;\">Geben Sie Ihren Ort oder Ihre PLZ ein sowie im Feld \u201eRadius\u201c eine Entfernung in km, die Sie in Kauf nehmen. Dann klicken Sie auf \u201eSuchen\u201c.<\/span><\/p>\n<\/div><\/section><\/div>\n\n<\/div><\/div><\/div><!-- close content main div --><\/div><\/div><div id='av_section_4'  class='avia-section av-5evxbq-8598111496b743ab7dbf5ec4c23013f6 main_color avia-section-no-padding avia-no-border-styling  avia-builder-el-8  el_after_av_section  el_before_av_section  big-map-wrap map-col-2 avia-bg-style-scroll  av-minimum-height av-minimum-height-100  container_wrap fullsize'   data-av_minimum_height_pc='100'><div class='container av-section-cont-open' ><div class='template-page content  av-content-full alpha units'><div class='post-entry post-entry-type-page post-entry-7571'><div class='entry-content-wrapper clearfix'>\n\n\n\n<\/div><\/div><\/div><!-- close content main div --><\/div><\/div><div id='av_section_5'  class='avia-section av-2obm4m-003864c8a1b70951ed5ca5e0e7262318 main_color avia-section-default avia-no-border-styling  avia-builder-el-11  el_after_av_section  el_before_av_one_full  avia-bg-style-scroll  container_wrap fullsize'  ><div class='container av-section-cont-open' ><div class='template-page content  av-content-full alpha units'><div class='post-entry post-entry-type-page post-entry-7571'><div class='entry-content-wrapper clearfix'>\n\n<style type=\"text\/css\" data-created_by=\"avia_inline_auto\" id=\"style-css-av-ld8yzjjd-70f001a8c0bce838d940e5520eaea789\">\n#top .av-special-heading.av-ld8yzjjd-70f001a8c0bce838d940e5520eaea789{\npadding-bottom:10px;\n}\n<\/style>\n<div  class='av-special-heading av-ld8yzjjd-70f001a8c0bce838d940e5520eaea789 av-special-heading-h2 blockquote modern-quote  avia-builder-el-12  el_before_av_textblock  avia-builder-el-first  orange-h fs-36 w-700 lh-48 uppercase '><h2 class='av-special-heading-tag '  itemprop=\"headline\"  >Welche Praxis passt zu mir?<\/h2><div class='special-heading-border'><div class='special-heading-inner-border'><\/div><\/div><\/div>\n<section class=\"av_textblock_section \"  itemscope=\"itemscope\" itemtype=\"https:\/\/schema.org\/CreativeWork\" ><div class='avia_textblock  av_inherit_color '  style='font-size:18px; '  itemprop=\"text\" ><p><span style=\"font-weight: 400;\">Wir erheben keinen Anspruch auf Vollst\u00e4ndigkeit und geben keine Empfehlungen, da eine fachliche Pr\u00fcfung der Praxisangebote unm\u00f6glich ist. Ebenso haben wir keine Kenntnis \u00fcber alle angebotenen Therapien oder Arzneimittel. Eine seri\u00f6se Praxis erkennen Sie aber u.a. an folgenden Merkmalen:<\/span><\/p>\n<ul>\n<li style=\"font-weight: 400;\" aria-level=\"1\"><span style=\"font-weight: 400;\">Abstimmung mit Ihrem Hausarzt\/Onkologen bei Fragen zu Ihrer bisherigen Behandlung<\/span><\/li>\n<li style=\"font-weight: 400;\" aria-level=\"1\"><span style=\"font-weight: 400;\">offen f\u00fcr Zweitmeinungen<\/span><\/li>\n<li style=\"font-weight: 400;\" aria-level=\"1\"><span style=\"font-weight: 400;\">offene Kommunikation \u00fcber Kosten und Vorgehensweise der Behandlung<\/span><\/li>\n<li style=\"font-weight: 400;\" aria-level=\"1\"><span style=\"font-weight: 400;\">Ihre Fragen werden beantwortet, Ihre Bedenken ernst genommen<\/span><\/li>\n<li style=\"font-weight: 400;\" aria-level=\"1\"><span style=\"font-weight: 400;\">keine Heilversprechen, keine ungepr\u00fcften Ma\u00dfnahmen oder \u201eselbst gemischte\u201c Arzneimittel<\/span><\/li>\n<\/ul>\n<\/div><\/section>\n<\/div><\/div><\/div><!-- close content main div --><\/div><\/div><div id='after_section_5'  class='main_color av_default_container_wrap container_wrap fullsize'  ><div class='container av-section-cont-open' ><div class='template-page content  av-content-full alpha units'><div class='post-entry post-entry-type-page post-entry-7571'><div class='entry-content-wrapper clearfix'>\n<div class='flex_column av-9d986-c66d3f469d0017916eaddb942b11da66 av_one_full  avia-builder-el-14  el_after_av_section  el_before_av_one_full  avia-builder-el-first  first flex_column_div '   ><\/div>\n<div class='flex_column av-2ke5ja-23b8ef80d7f8c128e58b065e1aa97987 av_one_full  avia-builder-el-15  el_after_av_one_full  avia-builder-el-last  first flex_column_div column-top-margin'   ><\/div>\n","protected":false},"excerpt":{"rendered":"","protected":false},"author":5,"featured_media":0,"parent":0,"menu_order":0,"comment_status":"closed","ping_status":"closed","template":"","meta":{"_acf_changed":false,"inline_featured_image":false,"footnotes":""},"class_list":["post-7571","page","type-page","status-publish","hentry"],"acf":[],"yoast_head":"<!-- This site is optimized with the Yoast SEO plugin v27.5 - https:\/\/yoast.com\/product\/yoast-seo-wordpress\/ -->\n<title>Praxisfinder - Helixor<\/title>\n<meta name=\"robots\" content=\"noindex, nofollow\" \/>\n<meta property=\"og:locale\" content=\"de_DE\" \/>\n<meta property=\"og:type\" content=\"article\" \/>\n<meta property=\"og:title\" content=\"Praxisfinder - Helixor\" \/>\n<meta property=\"og:url\" content=\"https:\/\/www.helixor.de\/de-ch\/praxisfinder\/\" \/>\n<meta property=\"og:site_name\" content=\"Helixor\" \/>\n<meta property=\"article:modified_time\" content=\"2024-04-11T06:29:16+00:00\" \/>\n<meta name=\"twitter:card\" content=\"summary_large_image\" \/>\n<meta name=\"twitter:label1\" content=\"Gesch\u00e4tzte Lesezeit\" \/>\n\t<meta name=\"twitter:data1\" content=\"5\u00a0Minuten\" \/>\n<script type=\"application\/ld+json\" class=\"yoast-schema-graph\">{\"@context\":\"https:\\\/\\\/schema.org\",\"@graph\":[{\"@type\":\"WebPage\",\"@id\":\"https:\\\/\\\/www.helixor.de\\\/de-ch\\\/praxisfinder\\\/\",\"url\":\"https:\\\/\\\/www.helixor.de\\\/de-ch\\\/praxisfinder\\\/\",\"name\":\"Praxisfinder - Helixor\",\"isPartOf\":{\"@id\":\"https:\\\/\\\/www.helixor.de\\\/#website\"},\"datePublished\":\"2021-12-21T12:22:40+00:00\",\"dateModified\":\"2024-04-11T06:29:16+00:00\",\"breadcrumb\":{\"@id\":\"https:\\\/\\\/www.helixor.de\\\/de-ch\\\/praxisfinder\\\/#breadcrumb\"},\"inLanguage\":\"de-CH\",\"potentialAction\":[{\"@type\":\"ReadAction\",\"target\":[\"https:\\\/\\\/www.helixor.de\\\/de-ch\\\/praxisfinder\\\/\"]}]},{\"@type\":\"BreadcrumbList\",\"@id\":\"https:\\\/\\\/www.helixor.de\\\/de-ch\\\/praxisfinder\\\/#breadcrumb\",\"itemListElement\":[{\"@type\":\"ListItem\",\"position\":1,\"name\":\"Startseite\",\"item\":\"https:\\\/\\\/www.helixor.de\\\/de-ch\\\/home-page\\\/\"},{\"@type\":\"ListItem\",\"position\":2,\"name\":\"Praxisfinder\"}]},{\"@type\":\"WebSite\",\"@id\":\"https:\\\/\\\/www.helixor.de\\\/#website\",\"url\":\"https:\\\/\\\/www.helixor.de\\\/\",\"name\":\"Helixor\",\"description\":\"Dem Leben Leben geben.\",\"potentialAction\":[{\"@type\":\"SearchAction\",\"target\":{\"@type\":\"EntryPoint\",\"urlTemplate\":\"https:\\\/\\\/www.helixor.de\\\/?s={search_term_string}\"},\"query-input\":{\"@type\":\"PropertyValueSpecification\",\"valueRequired\":true,\"valueName\":\"search_term_string\"}}],\"inLanguage\":\"de-CH\"}]}<\/script>\n<!-- \/ Yoast SEO plugin. -->","yoast_head_json":{"title":"Praxisfinder - Helixor","robots":{"index":"noindex","follow":"nofollow"},"og_locale":"de_DE","og_type":"article","og_title":"Praxisfinder - Helixor","og_url":"https:\/\/www.helixor.de\/de-ch\/praxisfinder\/","og_site_name":"Helixor","article_modified_time":"2024-04-11T06:29:16+00:00","twitter_card":"summary_large_image","twitter_misc":{"Gesch\u00e4tzte Lesezeit":"5\u00a0Minuten"},"schema":{"@context":"https:\/\/schema.org","@graph":[{"@type":"WebPage","@id":"https:\/\/www.helixor.de\/de-ch\/praxisfinder\/","url":"https:\/\/www.helixor.de\/de-ch\/praxisfinder\/","name":"Praxisfinder - Helixor","isPartOf":{"@id":"https:\/\/www.helixor.de\/#website"},"datePublished":"2021-12-21T12:22:40+00:00","dateModified":"2024-04-11T06:29:16+00:00","breadcrumb":{"@id":"https:\/\/www.helixor.de\/de-ch\/praxisfinder\/#breadcrumb"},"inLanguage":"de-CH","potentialAction":[{"@type":"ReadAction","target":["https:\/\/www.helixor.de\/de-ch\/praxisfinder\/"]}]},{"@type":"BreadcrumbList","@id":"https:\/\/www.helixor.de\/de-ch\/praxisfinder\/#breadcrumb","itemListElement":[{"@type":"ListItem","position":1,"name":"Startseite","item":"https:\/\/www.helixor.de\/de-ch\/home-page\/"},{"@type":"ListItem","position":2,"name":"Praxisfinder"}]},{"@type":"WebSite","@id":"https:\/\/www.helixor.de\/#website","url":"https:\/\/www.helixor.de\/","name":"Helixor","description":"Dem Leben Leben geben.","potentialAction":[{"@type":"SearchAction","target":{"@type":"EntryPoint","urlTemplate":"https:\/\/www.helixor.de\/?s={search_term_string}"},"query-input":{"@type":"PropertyValueSpecification","valueRequired":true,"valueName":"search_term_string"}}],"inLanguage":"de-CH"}]}},"_links":{"self":[{"href":"https:\/\/www.helixor.de\/de-ch\/wp-json\/wp\/v2\/pages\/7571","targetHints":{"allow":["GET"]}}],"collection":[{"href":"https:\/\/www.helixor.de\/de-ch\/wp-json\/wp\/v2\/pages"}],"about":[{"href":"https:\/\/www.helixor.de\/de-ch\/wp-json\/wp\/v2\/types\/page"}],"author":[{"embeddable":true,"href":"https:\/\/www.helixor.de\/de-ch\/wp-json\/wp\/v2\/users\/5"}],"replies":[{"embeddable":true,"href":"https:\/\/www.helixor.de\/de-ch\/wp-json\/wp\/v2\/comments?post=7571"}],"version-history":[{"count":25,"href":"https:\/\/www.helixor.de\/de-ch\/wp-json\/wp\/v2\/pages\/7571\/revisions"}],"predecessor-version":[{"id":11847,"href":"https:\/\/www.helixor.de\/de-ch\/wp-json\/wp\/v2\/pages\/7571\/revisions\/11847"}],"wp:attachment":[{"href":"https:\/\/www.helixor.de\/de-ch\/wp-json\/wp\/v2\/media?parent=7571"}],"curies":[{"name":"wp","href":"https:\/\/api.w.org\/{rel}","templated":true}]}}