{"id":7543,"date":"2021-06-01T15:01:15","date_gmt":"2021-06-01T13:01:15","guid":{"rendered":"https:\/\/www.helixor.de\/praxisfinder-formular\/"},"modified":"2023-09-22T15:39:29","modified_gmt":"2023-09-22T13:39:29","slug":"praxisfinder-formular","status":"publish","type":"page","link":"https:\/\/www.helixor.de\/de-ch\/praxisfinder-formular\/","title":{"rendered":"Praxisfinder Registrierung"},"content":{"rendered":"<div id='av_section_1'  class='avia-section av-f3tvu-7388d06228969df61ea8c4af49301703 main_color avia-section-default avia-no-border-styling  avia-builder-el-0  avia-builder-el-no-sibling  avia-bg-style-scroll  container_wrap fullsize'  ><div class='container av-section-cont-open' ><main  role=\"main\" itemprop=\"mainContentOfPage\"  class='template-page content  av-content-full alpha units'><div class='post-entry post-entry-type-page post-entry-7543'><div class='entry-content-wrapper clearfix'>\n\n<style type=\"text\/css\" data-created_by=\"avia_inline_auto\" id=\"style-css-av-aadaa-d91017b78b73f5361470991872593fb4\">\n.flex_column.av-aadaa-d91017b78b73f5361470991872593fb4{\nborder-radius:0px 0px 0px 0px;\n-webkit-border-radius:0px 0px 0px 0px;\n-moz-border-radius:0px 0px 0px 0px;\n}\n<\/style>\n<div class='flex_column av-aadaa-d91017b78b73f5361470991872593fb4 av_one_full  avia-builder-el-1  el_before_av_one_full  avia-builder-el-first  first flex_column_div av-zero-column-padding '   ><section class=\"av_textblock_section \"  itemscope=\"itemscope\" itemtype=\"https:\/\/schema.org\/CreativeWork\" ><div class='avia_textblock arrow-back '   itemprop=\"text\" ><p><a>Zur\u00fcck<\/a><\/p>\n<\/div><\/section><\/div>\n<style type=\"text\/css\" data-created_by=\"avia_inline_auto\" id=\"style-css-av-alhqy-f9faa3429faaf72abd4168bfaaab2d7b\">\n.flex_column.av-alhqy-f9faa3429faaf72abd4168bfaaab2d7b{\nborder-radius:0px 0px 0px 0px;\n-webkit-border-radius:0px 0px 0px 0px;\n-moz-border-radius:0px 0px 0px 0px;\n}\n<\/style>\n<div class='flex_column av-alhqy-f9faa3429faaf72abd4168bfaaab2d7b av_one_full  avia-builder-el-3  el_after_av_one_full  avia-builder-el-last  first flex_column_div av-zero-column-padding column-top-margin'   ><section class=\"av_textblock_section \"  itemscope=\"itemscope\" itemtype=\"https:\/\/schema.org\/CreativeWork\" ><div class='avia_textblock  '   itemprop=\"text\" >\n<div class=\"wpcf7 no-js\" id=\"wpcf7-f942-o1\" lang=\"en-US\" dir=\"ltr\" data-wpcf7-id=\"942\">\n<div class=\"screen-reader-response\"><p role=\"status\" aria-live=\"polite\" aria-atomic=\"true\"><\/p> <ul><\/ul><\/div>\n<form action=\"\/de-ch\/wp-json\/wp\/v2\/pages\/7543#wpcf7-f942-o1\" method=\"post\" class=\"wpcf7-form init\" aria-label=\"Contact form\" novalidate=\"novalidate\" data-status=\"init\">\n<fieldset class=\"hidden-fields-container\"><input type=\"hidden\" name=\"_wpcf7\" value=\"942\" \/><input type=\"hidden\" name=\"_wpcf7_version\" value=\"6.1.5\" \/><input type=\"hidden\" name=\"_wpcf7_locale\" value=\"en_US\" \/><input type=\"hidden\" name=\"_wpcf7_unit_tag\" value=\"wpcf7-f942-o1\" \/><input type=\"hidden\" name=\"_wpcf7_container_post\" value=\"0\" \/><input type=\"hidden\" name=\"_wpcf7_posted_data_hash\" value=\"\" \/>\n<\/fieldset>\n<div class=\"praxisfinder-wrap\">\n\t<h1 style=\"font-size: 24px; color: #4d8f21;\">Ihre Praxis soll gefunden werden:\n\t<\/h1>\n\t<p class=\"big-p\">Gerne unterst\u00fctzen wir Sie dabei, Ihr integratives Therapieangebot sichtbar zu machen:<strong> Mit einem Eintrag in unseren kostenfreien Praxisfinder k\u00f6nnen interessierte Betroffene Ihre Praxis leichter finden.<\/strong>\n\t<\/p>\n\t<h2>Aufnahme meiner Praxisdaten: helixor.de\/praxisfinder\n\t<\/h2>\n\t<p class=\"big-p\">Hiermit best\u00e4tige ich, dass ich ein*e erfahrene*r Anwender*in der Misteltherapie bin. Ich bin einverstanden, dass meine unten angegebenen Daten zum Zweck der Patienteninformation auf der Webseite von Helixor Heilmittel GmbH abgebildet werden.\n\t<\/p>\n\t<div class=\"praxisfinder-box\">\n\t\t<div class=\"praxisfinder-1\">\n\t\t\t<p><span class=\"wpcf7-form-control-wrap\" data-name=\"praxis\"><input size=\"40\" maxlength=\"400\" class=\"wpcf7-form-control wpcf7-text wpcf7-validates-as-required\" aria-required=\"true\" aria-invalid=\"false\" placeholder=\"Praxisbezeichnung*\" value=\"\" type=\"text\" name=\"praxis\" \/><\/span>\n\t\t\t<\/p>\n\t\t<\/div>\n\t\t<div class=\"praxisfinder-2\">\n\t\t\t<p><span class=\"wpcf7-form-control-wrap\" data-name=\"person\"><input size=\"40\" maxlength=\"400\" class=\"wpcf7-form-control wpcf7-text wpcf7-validates-as-required\" aria-required=\"true\" aria-invalid=\"false\" placeholder=\"Titel, Vorname, Name*\" value=\"\" type=\"text\" name=\"person\" \/><\/span>\n\t\t\t<\/p>\n\t\t<\/div>\n\t\t<div class=\"praxisfinder-3\">\n\t\t\t<p><span class=\"wpcf7-form-control-wrap\" data-name=\"strasse\"><input size=\"40\" maxlength=\"400\" class=\"wpcf7-form-control wpcf7-text wpcf7-validates-as-required\" aria-required=\"true\" aria-invalid=\"false\" placeholder=\"Stra\u00dfe*\" value=\"\" type=\"text\" name=\"strasse\" \/><\/span>\n\t\t\t<\/p>\n\t\t<\/div>\n\t\t<div class=\"praxisfinder-4\">\n\t\t\t<p><span class=\"wpcf7-form-control-wrap\" data-name=\"plz\"><input size=\"40\" maxlength=\"400\" class=\"wpcf7-form-control wpcf7-text wpcf7-validates-as-required\" aria-required=\"true\" aria-invalid=\"false\" placeholder=\"PLZ*\" value=\"\" type=\"text\" name=\"plz\" \/><\/span><span class=\"wpcf7-form-control-wrap\" data-name=\"ort\"><input size=\"40\" maxlength=\"400\" class=\"wpcf7-form-control wpcf7-text wpcf7-validates-as-required\" aria-required=\"true\" aria-invalid=\"false\" placeholder=\"Ort*\" value=\"\" type=\"text\" name=\"ort\" \/><\/span>\n\t\t\t<\/p>\n\t\t<\/div>\n\t\t<div class=\"praxisfinder-5\">\n\t\t\t<p><span class=\"wpcf7-form-control-wrap\" data-name=\"telefon\"><input size=\"40\" maxlength=\"400\" class=\"wpcf7-form-control wpcf7-text wpcf7-validates-as-required\" aria-required=\"true\" aria-invalid=\"false\" placeholder=\"Telefon*\" value=\"\" type=\"text\" name=\"telefon\" \/><\/span>\n\t\t\t<\/p>\n\t\t<\/div>\n\t\t<div class=\"praxisfinder-6\">\n\t\t\t<p><span class=\"wpcf7-form-control-wrap\" data-name=\"email\"><input size=\"40\" maxlength=\"400\" class=\"wpcf7-form-control wpcf7-email wpcf7-validates-as-required wpcf7-text wpcf7-validates-as-email\" aria-required=\"true\" aria-invalid=\"false\" placeholder=\"E-Mail-Adresse*\" value=\"\" type=\"email\" name=\"email\" \/><\/span>\n\t\t\t<\/p>\n\t\t<\/div>\n\t\t<div class=\"praxisfinder-7\">\n\t\t\t<p><span class=\"wpcf7-form-control-wrap\" data-name=\"website\"><input size=\"40\" maxlength=\"400\" class=\"wpcf7-form-control wpcf7-text\" aria-invalid=\"false\" placeholder=\"Website\" value=\"\" type=\"text\" name=\"website\" \/><\/span>\n\t\t\t<\/p>\n\t\t<\/div>\n\t\t<div style=\"margin-bottom:20px;\">\n\t\t\t<p><strong><span class=\"wpcf7-form-control-wrap\" data-name=\"checkbox-02\"><span class=\"wpcf7-form-control wpcf7-checkbox wpcf7-validates-as-required\"><span class=\"wpcf7-list-item first last\"><label><input type=\"checkbox\" name=\"checkbox-02[]\" value=\"Einwilligung zur Datennutzung*\" \/><span class=\"wpcf7-list-item-label\">Einwilligung zur Datennutzung*<\/span><\/label><\/span><\/span><\/span><\/strong><strong><\/strong>\n\t\t\t<\/p>\n\t\t\t<p class=\"small-p mt-0\">Ich bin einverstanden, dass die Helixor Heilmittel GmbH, Fischerm\u00fchle 1, 72348 Rosenfeld DE, meine hier angegebenen Daten zum Zweck der Patienteninformation auf ihrer Webseite speichert und verarbeitet. Meine Einwilligung ist jederzeit widerrufbar \u00fcber abmeldung@helixor.de. Mehr zu diesem Vorgehen findet sich in der Datenschutzerkl\u00e4rung in den Abschnitten \u201eIhre Rechte\u201c, \u201eRechtsgrundlagen der Datenverarbeitung\u201c, \u201eGesch\u00e4ftspartner und Informationssuchende\u201c und \u201eAngeh\u00f6rige von Heilberufen\u201c unter <a target=\"_blank\" href=\"https:\/\/www.helixor.de\/datenschutz\/\" rel=\"noopener\">helixor.de\/datenschutz\/<\/a>\n\t\t\t<\/p>\n\t\t<\/div>\n\t\t<div style=\"margin-bottom:20px;\">\n\t\t\t<p><strong><span class=\"wpcf7-form-control-wrap\" data-name=\"checkbox-03\"><span class=\"wpcf7-form-control wpcf7-checkbox\"><span class=\"wpcf7-list-item first last\"><label><input type=\"checkbox\" name=\"checkbox-03[]\" value=\"Ja, gern bleibe ich auch weiterhin gut informiert!\" \/><span class=\"wpcf7-list-item-label\">Ja, gern bleibe ich auch weiterhin gut informiert!<\/span><\/label><\/span><\/span><\/span><\/strong>\n\t\t\t<\/p>\n\t\t\t<p class=\"small-p mt-0\">Ich bin einverstanden, dass mir Helixor postalisch, telefonisch oder elektronisch Informationen zum Unternehmen oder seinen Produkten \u00fcbermittelt. Meine Einwilligung ist jederzeit widerrufbar \u00fcber abmeldung@helixor.de. Mehr zu diesem Vorgehen findet sich in der Datenschutzerkl\u00e4rung in den Abschnitten \u201eIhre Rechte\u201c, \u201eRechtsgrundlagen der Datenverarbeitung\u201c, \u201eGesch\u00e4ftspartner und Informationssuchende\u201c und \u201eAngeh\u00f6rige von Heilberufen\u201c unter <a target=\"_blank\" href=\"https:\/\/www.helixor.de\/datenschutz\/\" rel=\"noopener\">helixor.de\/datenschutz<\/a>\n\t\t\t<\/p>\n\t\t<\/div>\n\t\t<p class=\"small-p\">Die mit * gekennzeichneten Felder sind Pflichtfelder.\n\t\t<\/p>\n\t<\/div>\n\t<div class=\"praxisfinder-send\">\n\t\t<p><input class=\"wpcf7-form-control wpcf7-submit has-spinner\" type=\"submit\" value=\"Aufnahmeantrag absenden\" \/>\n\t\t<\/p>\n\t<\/div>\n<\/div><div class=\"frc-captcha \" data-sitekey=\"FCMN4A1D3RDL2KB5\" data-lang=\"de\" ><\/div>\n\t\t<noscript>You need to enable Javascript for the anti-spam check.<\/noscript><div class=\"wpcf7-response-output\" aria-hidden=\"true\"><\/div>\n<\/form>\n<\/div>\n\n<\/div><\/section><\/div>\n\n","protected":false},"excerpt":{"rendered":"","protected":false},"author":5,"featured_media":0,"parent":0,"menu_order":0,"comment_status":"closed","ping_status":"closed","template":"","meta":{"_acf_changed":false,"inline_featured_image":false,"footnotes":""},"class_list":["post-7543","page","type-page","status-publish","hentry"],"acf":[],"yoast_head":"<!-- This site is optimized with the Yoast SEO plugin v27.5 - https:\/\/yoast.com\/product\/yoast-seo-wordpress\/ -->\n<title>Praxisfinder Registrierung - Helixor<\/title>\n<meta name=\"robots\" content=\"index, follow, max-snippet:-1, max-image-preview:large, max-video-preview:-1\" \/>\n<link rel=\"canonical\" href=\"https:\/\/www.helixor.de\/de-ch\/praxisfinder-formular\/\" \/>\n<meta property=\"og:locale\" content=\"de_DE\" \/>\n<meta property=\"og:type\" content=\"article\" \/>\n<meta property=\"og:title\" content=\"Praxisfinder Registrierung - Helixor\" \/>\n<meta property=\"og:url\" content=\"https:\/\/www.helixor.de\/de-ch\/praxisfinder-formular\/\" \/>\n<meta property=\"og:site_name\" content=\"Helixor\" \/>\n<meta property=\"article:modified_time\" content=\"2023-09-22T13:39:29+00:00\" \/>\n<meta name=\"twitter:card\" content=\"summary_large_image\" \/>\n<meta name=\"twitter:label1\" content=\"Gesch\u00e4tzte Lesezeit\" \/>\n\t<meta name=\"twitter:data1\" content=\"3\u00a0Minuten\" \/>\n<script type=\"application\/ld+json\" class=\"yoast-schema-graph\">{\"@context\":\"https:\\\/\\\/schema.org\",\"@graph\":[{\"@type\":\"WebPage\",\"@id\":\"https:\\\/\\\/www.helixor.de\\\/de-ch\\\/praxisfinder-formular\\\/\",\"url\":\"https:\\\/\\\/www.helixor.de\\\/de-ch\\\/praxisfinder-formular\\\/\",\"name\":\"Praxisfinder Registrierung - Helixor\",\"isPartOf\":{\"@id\":\"https:\\\/\\\/www.helixor.de\\\/#website\"},\"datePublished\":\"2021-06-01T13:01:15+00:00\",\"dateModified\":\"2023-09-22T13:39:29+00:00\",\"breadcrumb\":{\"@id\":\"https:\\\/\\\/www.helixor.de\\\/de-ch\\\/praxisfinder-formular\\\/#breadcrumb\"},\"inLanguage\":\"de-CH\",\"potentialAction\":[{\"@type\":\"ReadAction\",\"target\":[\"https:\\\/\\\/www.helixor.de\\\/de-ch\\\/praxisfinder-formular\\\/\"]}]},{\"@type\":\"BreadcrumbList\",\"@id\":\"https:\\\/\\\/www.helixor.de\\\/de-ch\\\/praxisfinder-formular\\\/#breadcrumb\",\"itemListElement\":[{\"@type\":\"ListItem\",\"position\":1,\"name\":\"Startseite\",\"item\":\"https:\\\/\\\/www.helixor.de\\\/de-ch\\\/home-page\\\/\"},{\"@type\":\"ListItem\",\"position\":2,\"name\":\"Praxisfinder Registrierung\"}]},{\"@type\":\"WebSite\",\"@id\":\"https:\\\/\\\/www.helixor.de\\\/#website\",\"url\":\"https:\\\/\\\/www.helixor.de\\\/\",\"name\":\"Helixor\",\"description\":\"Dem Leben Leben geben.\",\"potentialAction\":[{\"@type\":\"SearchAction\",\"target\":{\"@type\":\"EntryPoint\",\"urlTemplate\":\"https:\\\/\\\/www.helixor.de\\\/?s={search_term_string}\"},\"query-input\":{\"@type\":\"PropertyValueSpecification\",\"valueRequired\":true,\"valueName\":\"search_term_string\"}}],\"inLanguage\":\"de-CH\"}]}<\/script>\n<!-- \/ Yoast SEO plugin. -->","yoast_head_json":{"title":"Praxisfinder Registrierung - Helixor","robots":{"index":"index","follow":"follow","max-snippet":"max-snippet:-1","max-image-preview":"max-image-preview:large","max-video-preview":"max-video-preview:-1"},"canonical":"https:\/\/www.helixor.de\/de-ch\/praxisfinder-formular\/","og_locale":"de_DE","og_type":"article","og_title":"Praxisfinder Registrierung - Helixor","og_url":"https:\/\/www.helixor.de\/de-ch\/praxisfinder-formular\/","og_site_name":"Helixor","article_modified_time":"2023-09-22T13:39:29+00:00","twitter_card":"summary_large_image","twitter_misc":{"Gesch\u00e4tzte Lesezeit":"3\u00a0Minuten"},"schema":{"@context":"https:\/\/schema.org","@graph":[{"@type":"WebPage","@id":"https:\/\/www.helixor.de\/de-ch\/praxisfinder-formular\/","url":"https:\/\/www.helixor.de\/de-ch\/praxisfinder-formular\/","name":"Praxisfinder Registrierung - Helixor","isPartOf":{"@id":"https:\/\/www.helixor.de\/#website"},"datePublished":"2021-06-01T13:01:15+00:00","dateModified":"2023-09-22T13:39:29+00:00","breadcrumb":{"@id":"https:\/\/www.helixor.de\/de-ch\/praxisfinder-formular\/#breadcrumb"},"inLanguage":"de-CH","potentialAction":[{"@type":"ReadAction","target":["https:\/\/www.helixor.de\/de-ch\/praxisfinder-formular\/"]}]},{"@type":"BreadcrumbList","@id":"https:\/\/www.helixor.de\/de-ch\/praxisfinder-formular\/#breadcrumb","itemListElement":[{"@type":"ListItem","position":1,"name":"Startseite","item":"https:\/\/www.helixor.de\/de-ch\/home-page\/"},{"@type":"ListItem","position":2,"name":"Praxisfinder Registrierung"}]},{"@type":"WebSite","@id":"https:\/\/www.helixor.de\/#website","url":"https:\/\/www.helixor.de\/","name":"Helixor","description":"Dem Leben Leben geben.","potentialAction":[{"@type":"SearchAction","target":{"@type":"EntryPoint","urlTemplate":"https:\/\/www.helixor.de\/?s={search_term_string}"},"query-input":{"@type":"PropertyValueSpecification","valueRequired":true,"valueName":"search_term_string"}}],"inLanguage":"de-CH"}]}},"_links":{"self":[{"href":"https:\/\/www.helixor.de\/de-ch\/wp-json\/wp\/v2\/pages\/7543","targetHints":{"allow":["GET"]}}],"collection":[{"href":"https:\/\/www.helixor.de\/de-ch\/wp-json\/wp\/v2\/pages"}],"about":[{"href":"https:\/\/www.helixor.de\/de-ch\/wp-json\/wp\/v2\/types\/page"}],"author":[{"embeddable":true,"href":"https:\/\/www.helixor.de\/de-ch\/wp-json\/wp\/v2\/users\/5"}],"replies":[{"embeddable":true,"href":"https:\/\/www.helixor.de\/de-ch\/wp-json\/wp\/v2\/comments?post=7543"}],"version-history":[{"count":1,"href":"https:\/\/www.helixor.de\/de-ch\/wp-json\/wp\/v2\/pages\/7543\/revisions"}],"predecessor-version":[{"id":14124,"href":"https:\/\/www.helixor.de\/de-ch\/wp-json\/wp\/v2\/pages\/7543\/revisions\/14124"}],"wp:attachment":[{"href":"https:\/\/www.helixor.de\/de-ch\/wp-json\/wp\/v2\/media?parent=7543"}],"curies":[{"name":"wp","href":"https:\/\/api.w.org\/{rel}","templated":true}]}}