{"id":7541,"date":"2021-10-18T16:15:15","date_gmt":"2021-10-18T14:15:15","guid":{"rendered":"https:\/\/www.helixor.de\/nutzungsbedingungen\/"},"modified":"2022-04-12T14:14:55","modified_gmt":"2022-04-12T12:14:55","slug":"nutzungsbedingungen","status":"publish","type":"page","link":"https:\/\/www.helixor.de\/de-ch\/nutzungsbedingungen\/","title":{"rendered":"Nutzungsbedingungen"},"content":{"rendered":"\n<style type=\"text\/css\" data-created_by=\"avia_inline_auto\" id=\"style-css-av-kuwqoced-c2a7560673b80314a210096c3f8559ac\">\n.avia-section.av-kuwqoced-c2a7560673b80314a210096c3f8559ac{\nbackground-color:rgba(255,255,255,0.01);\nbackground-repeat:no-repeat;\nbackground-image:url(https:\/\/www.helixor.de\/wp-content\/uploads\/2021\/10\/Nutzungsbedingungen_Headerbild-min.jpg);\nbackground-position:50% 0%;\nbackground-attachment:scroll;\n}\n<\/style>\n<div id='av_section_1'  class='avia-section av-kuwqoced-c2a7560673b80314a210096c3f8559ac main_color avia-section-default avia-no-border-styling  avia-builder-el-0  el_before_av_section  avia-builder-el-first  mob-h400 text-bottom invalid-custom-class-found avia-full-stretch avia-bg-style-scroll  av-minimum-height av-minimum-height-75  container_wrap fullsize'  data-section-bg-repeat='stretch' data-av_minimum_height_pc='75'><div class='container av-section-cont-open' ><main  role=\"main\" itemprop=\"mainContentOfPage\"  class='template-page content  av-content-full alpha units'><div class='post-entry post-entry-type-page post-entry-7541'><div class='entry-content-wrapper clearfix'>\n\n<style type=\"text\/css\" data-created_by=\"avia_inline_auto\" id=\"style-css-av-4jgeq8-13a20a69b3a25fcacb3c985c6c06ed33\">\n.flex_column.av-4jgeq8-13a20a69b3a25fcacb3c985c6c06ed33{\nborder-radius:0px 0px 0px 0px;\n-webkit-border-radius:0px 0px 0px 0px;\n-moz-border-radius:0px 0px 0px 0px;\n}\n<\/style>\n<div class='flex_column av-4jgeq8-13a20a69b3a25fcacb3c985c6c06ed33 av_one_full  avia-builder-el-1  avia-builder-el-no-sibling  first flex_column_div av-zero-column-padding '   ><p>\n<style type=\"text\/css\" data-created_by=\"avia_inline_auto\" id=\"style-css-av-kuwqkuxl-29f3ba485a3e554a9fec08347247bbd4\">\n#top .av-special-heading.av-kuwqkuxl-29f3ba485a3e554a9fec08347247bbd4{\npadding-bottom:10px;\ncolor:#ffffff;\n}\n.av-special-heading.av-kuwqkuxl-29f3ba485a3e554a9fec08347247bbd4 .special-heading-inner-border{\nborder-color:#ffffff;\n}\n<\/style>\n<div  class='av-special-heading av-kuwqkuxl-29f3ba485a3e554a9fec08347247bbd4 av-special-heading-h1 custom-color-heading blockquote modern-quote  avia-builder-el-2  el_before_av_hr  avia-builder-el-first  big-top-title white-title '><h1 class='av-special-heading-tag '  itemprop=\"headline\"  >Nutzungs\u00adbedingungen<\/h1><div class='special-heading-border'><div class='special-heading-inner-border'><\/div><\/div><\/div><br \/>\n\n<style type=\"text\/css\" data-created_by=\"avia_inline_auto\" id=\"style-css-av-kuwqozm6-13cf35e9135d2ef020015e9c906f543d\">\n#top .hr.hr-invisible.av-kuwqozm6-13cf35e9135d2ef020015e9c906f543d{\nheight:150px;\n}\n<\/style>\n<div  class='hr av-kuwqozm6-13cf35e9135d2ef020015e9c906f543d hr-invisible  avia-builder-el-3  el_after_av_heading  avia-builder-el-last   av-small-hide av-mini-hide'><span class='hr-inner '><span class=\"hr-inner-style\"><\/span><\/span><\/div><\/p><\/div>\n\n<\/div><\/div><\/main><!-- close content main element --><\/div><\/div>\n<style type=\"text\/css\" data-created_by=\"avia_inline_auto\" id=\"style-css-av-ad7y8-a5916b0623d9f4adbe380b8073b74d1b\">\n.avia-section.av-ad7y8-a5916b0623d9f4adbe380b8073b74d1b{\nbackground-color:rgba(0,0,0,0.01);\nbackground-repeat:no-repeat;\nbackground-image:url(https:\/\/www.helixor.de\/wp-content\/uploads\/2021\/03\/Pfad_661.png);\nbackground-position:0% 0%;\nbackground-attachment:scroll;\n}\n<\/style>\n<div id='av_section_2'  class='avia-section av-ad7y8-a5916b0623d9f4adbe380b8073b74d1b main_color avia-section-no-padding avia-no-border-styling  avia-builder-el-4  el_after_av_section  el_before_av_section  section-2 avia-full-stretch avia-bg-style-scroll  container_wrap fullsize'  data-section-bg-repeat='stretch'><div class='container av-section-cont-open' ><div class='template-page content  av-content-full alpha units'><div class='post-entry post-entry-type-page post-entry-7541'><div class='entry-content-wrapper clearfix'>\n<\/div><\/div><\/div><!-- close content main div --><\/div><\/div><div id='av_section_3'  class='avia-section av-kuwqr5hn-1b48ae5c9d8ec13ae5a3b679b5e03870 main_color avia-section-default avia-no-border-styling  avia-builder-el-5  el_after_av_section  avia-builder-el-last  custom-text avia-bg-style-scroll  container_wrap fullsize'  ><div class='container av-section-cont-open' ><div class='template-page content  av-content-full alpha units'><div class='post-entry post-entry-type-page post-entry-7541'><div class='entry-content-wrapper clearfix'>\n\n<style type=\"text\/css\" data-created_by=\"avia_inline_auto\" id=\"style-css-av-kuwqqymx-3cf7feb47fbd2a4c5da422520f22ad87\">\n#top .av-special-heading.av-kuwqqymx-3cf7feb47fbd2a4c5da422520f22ad87{\npadding-bottom:0px;\n}\n<\/style>\n<div  class='av-special-heading av-kuwqqymx-3cf7feb47fbd2a4c5da422520f22ad87 av-special-heading-h2 blockquote modern-quote  avia-builder-el-6  el_before_av_hr  avia-builder-el-first  green-h fs-36 w-700 '><h2 class='av-special-heading-tag '  itemprop=\"headline\"  >NUTZUNGS\u00adBEDINGUNGEN SOCIAL MEDIA SEITEN DER HELIXOR HEILMITTEL GMBH<\/h2><div class='special-heading-border'><div class='special-heading-inner-border'><\/div><\/div><\/div>\n\n<style type=\"text\/css\" data-created_by=\"avia_inline_auto\" id=\"style-css-av-2z75s0-1e8e394930dd69a17cd274cd97ced008\">\n#top .hr.hr-invisible.av-2z75s0-1e8e394930dd69a17cd274cd97ced008{\nmargin-top:-50px;\nheight:1px;\n}\n<\/style>\n<div  class='hr av-2z75s0-1e8e394930dd69a17cd274cd97ced008 hr-invisible  avia-builder-el-7  el_after_av_heading  el_before_av_one_full  '><span class='hr-inner '><span class=\"hr-inner-style\"><\/span><\/span><\/div>\n<div class='flex_column_table av-kuwqrc9w-73200c9bc8470e5dd3faaa2e659563eb sc-av_one_full av-equal-height-column-flextable'>\n<style type=\"text\/css\" data-created_by=\"avia_inline_auto\" id=\"style-css-av-kuwqrc9w-73200c9bc8470e5dd3faaa2e659563eb\">\n.flex_column.av-kuwqrc9w-73200c9bc8470e5dd3faaa2e659563eb{\nborder-radius:0px 0px 0px 0px;\n-webkit-border-radius:0px 0px 0px 0px;\n-moz-border-radius:0px 0px 0px 0px;\n}\n<\/style>\n<div class='flex_column av-kuwqrc9w-73200c9bc8470e5dd3faaa2e659563eb av_one_full  avia-builder-el-8  el_after_av_hr  avia-builder-el-last  nutzungsbedingungen-wrap first flex_column_table_cell av-equal-height-column av-align-top av-zero-column-padding '   ><section class=\"av_textblock_section \"  itemscope=\"itemscope\" itemtype=\"https:\/\/schema.org\/CreativeWork\" ><div class='avia_textblock fs-18 lh-26 orange-a av_inherit_color '  style='font-size:18px; '  itemprop=\"text\" ><p>Liebe Community,<\/p>\n<p>Vielen Dank f\u00fcr Euer Interesse an Helixor Heilmittel GmbH. Wir sch\u00e4tzen den Austausch mit Euch und freuen uns darauf. Auf Fragen antworten wir gerne und geben unser Bestes, so schnell wie m\u00f6glich zu reagieren. Da wir in einem gesetzlich sehr regulierten Umfeld t\u00e4tig sind, gibt es gewisse Dinge zu beachten.<\/p>\n<p>Unsere Social-Media-Kan\u00e4le dienen dem Austausch und der Diskussion rund um das Thema integrative Onkologie und unser Unternehmen Helixor Heilmittel GmbH. Kein Teil der Diskussion sind Informationen oder der Austausch \u00fcber bestimmte pharmazeutische Produkte oder \u00fcber konkrete Behandlungsmethoden.<\/p>\n<p>Au\u00dferdem bitten wir darum, folgende allgemeinen Regeln zu beachten:<\/p>\n<ul>\n<li>Seid freundlich und wertsch\u00e4tzend zueinander, auch wenn Ihr unterschiedlicher Meinung seid.<\/li>\n<li>Seid konstruktiv in Diskussionen.<\/li>\n<li>Seid tolerant. Wir lehnen jegliche Form der Diskriminierung ab.<\/li>\n<li>Stellt keine Diagnosen, diskutiert keine konkreten Behandlungsmethoden.<\/li>\n<li>Es gelten unsere allgemeinen <a href=\"\/de-ch\/datenschutz\/\">Datenschutzbestimmungen<\/a>.<\/li>\n<\/ul>\n<p><strong>Die Gesundheit jedes Einzelnen ist eine pers\u00f6nliche Angelegenheit. Diese Kan\u00e4le sind nicht als Ersatz f\u00fcr eine professionelle medizinische Beratung bestimmt.<\/strong><\/p>\n<p>Leider m\u00fcssen wir manchmal Kommentare l\u00f6schen. Dies sind m\u00f6gliche Gr\u00fcnde daf\u00fcr:<\/p>\n<ul>\n<li>Dein Kommentar entspricht nicht unseren oben aufgef\u00fchrten Regeln.<\/li>\n<li>Dein Kommentar enth\u00e4lt produktbezogene Informationen.<\/li>\n<li>Dein Kommentar enth\u00e4lt eine medizinische Beratung. Tipps teilen ist grunds\u00e4tzlich gut, bei Gesundheitsthemen aber aus rechtlichen Gr\u00fcnden den \u00c4rzt:innen und Therapeut:innen vorbehalten, die den n\u00f6tigen medizinischen Hintergrund haben.<\/li>\n<li>Dein Kommentar enth\u00e4lt eine konkrete Frage zu unseren Produkten. Wir bitten Dich, diese mit Deinem zust\u00e4ndigen Onkologen oder Therapeuten zu kl\u00e4ren oder Dich an unsere Therapieberatung zu wenden. Kontaktm\u00f6glichkeit: <a href=\"mailto:beratung@helixor.de\">beratung@helixor.de<\/a><\/li>\n<\/ul>\n<h4>Nebenwirkungsmeldungen<\/h4>\n<p>Bei Hinweisen auf eine m\u00f6gliche Nebenwirkung eines unserer Produkte nehmen wir Kontakt mit Dir per Direktnachricht auf. Der Kommentar wird nach einer gewissen Zeit unter Umst\u00e4nden gel\u00f6scht. Nebenwirkungsmeldungen k\u00f6nnen gerne auch direkt an <a href=\"mailto:pharmacovigilance@helixor.de\">pharmacovigilance@helixor.de<\/a> gesendet werden.<\/p>\n<h4>Haftung f\u00fcr Inhalte<\/h4>\n<p>Als Dienstanbieter sind wir gem\u00e4\u00df \u00a7 7 Abs. 1 TMG f\u00fcr eigene Inhalte auf diesen Seiten nach den allgemeinen Gesetzen verantwortlich. Nach \u00a7\u00a7 8 bis 10 TMG sind wir als Dienstanbieter jedoch nicht verpflichtet, \u00fcbermittelte oder gespeicherte fremde Informationen zu \u00fcberwachen oder nach Umst\u00e4nden zu forschen, die auf eine rechtswidrige T\u00e4tigkeit hinweisen. Verpflichtungen zur Entfernung oder Sperrung der Nutzung von Informationen nach den allgemeinen Gesetzen bleiben hiervon unber\u00fchrt. Eine diesbez\u00fcgliche Haftung ist jedoch erst ab dem Zeitpunkt der Kenntnis einer konkreten Rechtsverletzung m\u00f6glich. Bei Bekanntwerden von entsprechenden Rechtsverletzungen werden wir diese Inhalte umgehend entfernen.<\/p>\n<h4>Haftung f\u00fcr Links<\/h4>\n<p>Die verlinkten Seiten wurden zum Zeitpunkt der Verlinkung auf m\u00f6gliche Rechtsverst\u00f6\u00dfe \u00fcberpr\u00fcft. Rechtswidrige Inhalte waren zum Zeitpunkt der Verlinkung nicht erkennbar. Eine permanente inhaltliche Kontrolle der verlinkten Seiten ist jedoch ohne konkrete Anhaltspunkte einer Rechtsverletzung nicht zumutbar. Bei Bekanntwerden von Rechtsverletzungen werden wir derartige Links umgehend entfernen.<\/p>\n<h4>Urheberrecht<\/h4>\n<p>Die durch die Seitenbetreiber erstellten Inhalte und Werke auf diesen Seiten unterliegen dem Urheberrecht. Die Vervielf\u00e4ltigung, Bearbeitung, Verbreitung und jede Art der Verwertung au\u00dferhalb der Grenzen des Urheberrechtes bed\u00fcrfen der schriftlichen Zustimmung des jeweiligen Autors bzw. Erstellers. Downloads und Kopien dieser Seite sind nur f\u00fcr den privaten, nicht kommerziellen Gebrauch gestattet. Soweit die Inhalte auf dieser Seite nicht vom Betreiber erstellt wurden, werden die Urheberrechte Dritter beachtet. Insbesondere werden Inhalte Dritter als solche gekennzeichnet. Sollten Sie trotzdem auf eine Urheberrechtsverletzung aufmerksam werden, bitten wir um einen entsprechenden Hinweis. Bei Bekanntwerden von Rechtsverletzungen werden wir derartige Inhalte umgehend entfernen.<\/p>\n<p>Wir freuen uns, wenn Ihr uns eine Nachricht schreibt oder eine E-Mail an <a href=\"mailto:mail@helixor.de\">mail@helixor.de<\/a>.<br \/>\nUnsere Beratung ist erreichbar unter <a href=\"mailto:beratung@helixor.de\">beratung@helixor.de<\/a><br \/>\nNebenwirkungsmeldungen bitte an <a href=\"mailto:pharmacovigilance@helixor.de\"> pharmacovigilance@helixor.de<\/a><\/p>\n<p>Euer Social Media Team<\/p>\n<\/div><\/section><\/div><\/div><!--close column table wrapper. Autoclose: 1 -->\n","protected":false},"excerpt":{"rendered":"","protected":false},"author":5,"featured_media":0,"parent":0,"menu_order":0,"comment_status":"closed","ping_status":"closed","template":"","meta":{"_acf_changed":false,"inline_featured_image":false,"footnotes":""},"class_list":["post-7541","page","type-page","status-publish","hentry"],"acf":[],"yoast_head":"<!-- This site is optimized with the Yoast SEO plugin v27.4 - https:\/\/yoast.com\/product\/yoast-seo-wordpress\/ -->\n<title>Nutzungsbedingungen unserer Social Media Seiten | Helixor<\/title>\n<meta name=\"description\" content=\"Unsere Nutzungsbedingungen der Social Media Seiten \u25ba F\u00fcr ein harmonisches und diskretes Miteinander in der Helixor-Community. Jetzt lesen!\" \/>\n<meta name=\"robots\" content=\"index, follow, max-snippet:-1, max-image-preview:large, max-video-preview:-1\" \/>\n<link rel=\"canonical\" href=\"https:\/\/www.helixor.de\/de-ch\/nutzungsbedingungen\/\" \/>\n<meta property=\"og:locale\" content=\"de_DE\" \/>\n<meta property=\"og:type\" content=\"article\" \/>\n<meta property=\"og:title\" content=\"Nutzungsbedingungen unserer Social Media Seiten | Helixor\" \/>\n<meta property=\"og:description\" content=\"Unsere Nutzungsbedingungen der Social Media Seiten \u25ba F\u00fcr ein harmonisches und diskretes Miteinander in der Helixor-Community. Jetzt lesen!\" \/>\n<meta property=\"og:url\" content=\"https:\/\/www.helixor.de\/de-ch\/nutzungsbedingungen\/\" \/>\n<meta property=\"og:site_name\" content=\"Helixor\" \/>\n<meta property=\"article:modified_time\" content=\"2022-04-12T12:14:55+00:00\" \/>\n<meta name=\"twitter:card\" content=\"summary_large_image\" \/>\n<meta name=\"twitter:label1\" content=\"Gesch\u00e4tzte Lesezeit\" \/>\n\t<meta name=\"twitter:data1\" content=\"5\u00a0Minuten\" \/>\n<script type=\"application\/ld+json\" class=\"yoast-schema-graph\">{\"@context\":\"https:\\\/\\\/schema.org\",\"@graph\":[{\"@type\":\"WebPage\",\"@id\":\"https:\\\/\\\/www.helixor.de\\\/de-ch\\\/nutzungsbedingungen\\\/\",\"url\":\"https:\\\/\\\/www.helixor.de\\\/de-ch\\\/nutzungsbedingungen\\\/\",\"name\":\"Nutzungsbedingungen unserer Social Media Seiten | Helixor\",\"isPartOf\":{\"@id\":\"https:\\\/\\\/www.helixor.de\\\/#website\"},\"datePublished\":\"2021-10-18T14:15:15+00:00\",\"dateModified\":\"2022-04-12T12:14:55+00:00\",\"description\":\"Unsere Nutzungsbedingungen der Social Media Seiten \u25ba F\u00fcr ein harmonisches und diskretes Miteinander in der Helixor-Community. Jetzt lesen!\",\"breadcrumb\":{\"@id\":\"https:\\\/\\\/www.helixor.de\\\/de-ch\\\/nutzungsbedingungen\\\/#breadcrumb\"},\"inLanguage\":\"de-CH\",\"potentialAction\":[{\"@type\":\"ReadAction\",\"target\":[\"https:\\\/\\\/www.helixor.de\\\/de-ch\\\/nutzungsbedingungen\\\/\"]}]},{\"@type\":\"BreadcrumbList\",\"@id\":\"https:\\\/\\\/www.helixor.de\\\/de-ch\\\/nutzungsbedingungen\\\/#breadcrumb\",\"itemListElement\":[{\"@type\":\"ListItem\",\"position\":1,\"name\":\"Startseite\",\"item\":\"https:\\\/\\\/www.helixor.de\\\/de-ch\\\/home-page\\\/\"},{\"@type\":\"ListItem\",\"position\":2,\"name\":\"Nutzungsbedingungen\"}]},{\"@type\":\"WebSite\",\"@id\":\"https:\\\/\\\/www.helixor.de\\\/#website\",\"url\":\"https:\\\/\\\/www.helixor.de\\\/\",\"name\":\"Helixor\",\"description\":\"Dem Leben Leben geben.\",\"potentialAction\":[{\"@type\":\"SearchAction\",\"target\":{\"@type\":\"EntryPoint\",\"urlTemplate\":\"https:\\\/\\\/www.helixor.de\\\/?s={search_term_string}\"},\"query-input\":{\"@type\":\"PropertyValueSpecification\",\"valueRequired\":true,\"valueName\":\"search_term_string\"}}],\"inLanguage\":\"de-CH\"}]}<\/script>\n<!-- \/ Yoast SEO plugin. -->","yoast_head_json":{"title":"Nutzungsbedingungen unserer Social Media Seiten | Helixor","description":"Unsere Nutzungsbedingungen der Social Media Seiten \u25ba F\u00fcr ein harmonisches und diskretes Miteinander in der Helixor-Community. Jetzt lesen!","robots":{"index":"index","follow":"follow","max-snippet":"max-snippet:-1","max-image-preview":"max-image-preview:large","max-video-preview":"max-video-preview:-1"},"canonical":"https:\/\/www.helixor.de\/de-ch\/nutzungsbedingungen\/","og_locale":"de_DE","og_type":"article","og_title":"Nutzungsbedingungen unserer Social Media Seiten | Helixor","og_description":"Unsere Nutzungsbedingungen der Social Media Seiten \u25ba F\u00fcr ein harmonisches und diskretes Miteinander in der Helixor-Community. Jetzt lesen!","og_url":"https:\/\/www.helixor.de\/de-ch\/nutzungsbedingungen\/","og_site_name":"Helixor","article_modified_time":"2022-04-12T12:14:55+00:00","twitter_card":"summary_large_image","twitter_misc":{"Gesch\u00e4tzte Lesezeit":"5\u00a0Minuten"},"schema":{"@context":"https:\/\/schema.org","@graph":[{"@type":"WebPage","@id":"https:\/\/www.helixor.de\/de-ch\/nutzungsbedingungen\/","url":"https:\/\/www.helixor.de\/de-ch\/nutzungsbedingungen\/","name":"Nutzungsbedingungen unserer Social Media Seiten | Helixor","isPartOf":{"@id":"https:\/\/www.helixor.de\/#website"},"datePublished":"2021-10-18T14:15:15+00:00","dateModified":"2022-04-12T12:14:55+00:00","description":"Unsere Nutzungsbedingungen der Social Media Seiten \u25ba F\u00fcr ein harmonisches und diskretes Miteinander in der Helixor-Community. Jetzt lesen!","breadcrumb":{"@id":"https:\/\/www.helixor.de\/de-ch\/nutzungsbedingungen\/#breadcrumb"},"inLanguage":"de-CH","potentialAction":[{"@type":"ReadAction","target":["https:\/\/www.helixor.de\/de-ch\/nutzungsbedingungen\/"]}]},{"@type":"BreadcrumbList","@id":"https:\/\/www.helixor.de\/de-ch\/nutzungsbedingungen\/#breadcrumb","itemListElement":[{"@type":"ListItem","position":1,"name":"Startseite","item":"https:\/\/www.helixor.de\/de-ch\/home-page\/"},{"@type":"ListItem","position":2,"name":"Nutzungsbedingungen"}]},{"@type":"WebSite","@id":"https:\/\/www.helixor.de\/#website","url":"https:\/\/www.helixor.de\/","name":"Helixor","description":"Dem Leben Leben geben.","potentialAction":[{"@type":"SearchAction","target":{"@type":"EntryPoint","urlTemplate":"https:\/\/www.helixor.de\/?s={search_term_string}"},"query-input":{"@type":"PropertyValueSpecification","valueRequired":true,"valueName":"search_term_string"}}],"inLanguage":"de-CH"}]}},"_links":{"self":[{"href":"https:\/\/www.helixor.de\/de-ch\/wp-json\/wp\/v2\/pages\/7541","targetHints":{"allow":["GET"]}}],"collection":[{"href":"https:\/\/www.helixor.de\/de-ch\/wp-json\/wp\/v2\/pages"}],"about":[{"href":"https:\/\/www.helixor.de\/de-ch\/wp-json\/wp\/v2\/types\/page"}],"author":[{"embeddable":true,"href":"https:\/\/www.helixor.de\/de-ch\/wp-json\/wp\/v2\/users\/5"}],"replies":[{"embeddable":true,"href":"https:\/\/www.helixor.de\/de-ch\/wp-json\/wp\/v2\/comments?post=7541"}],"version-history":[{"count":2,"href":"https:\/\/www.helixor.de\/de-ch\/wp-json\/wp\/v2\/pages\/7541\/revisions"}],"predecessor-version":[{"id":7639,"href":"https:\/\/www.helixor.de\/de-ch\/wp-json\/wp\/v2\/pages\/7541\/revisions\/7639"}],"wp:attachment":[{"href":"https:\/\/www.helixor.de\/de-ch\/wp-json\/wp\/v2\/media?parent=7541"}],"curies":[{"name":"wp","href":"https:\/\/api.w.org\/{rel}","templated":true}]}}