{"id":7525,"date":"2021-10-07T11:28:01","date_gmt":"2021-10-07T09:28:01","guid":{"rendered":"https:\/\/www.helixor.de\/impressum\/"},"modified":"2024-12-02T08:02:48","modified_gmt":"2024-12-02T07:02:48","slug":"impressum","status":"publish","type":"page","link":"https:\/\/www.helixor.de\/de-ch\/impressum\/","title":{"rendered":"Impressum"},"content":{"rendered":"<div id='forschung'  class='avia-section av-5iitlz-fe2712aee08307535ca33030e316eea9 main_color avia-section-default avia-no-border-styling  avia-builder-el-0  avia-builder-el-no-sibling  custom-text avia-bg-style-scroll  container_wrap fullsize'  ><div class='container av-section-cont-open' ><main  role=\"main\" itemprop=\"mainContentOfPage\"  class='template-page content  av-content-full alpha units'><div class='post-entry post-entry-type-page post-entry-7525'><div class='entry-content-wrapper clearfix'>\n\n<style type=\"text\/css\" data-created_by=\"avia_inline_auto\" id=\"style-css-av-kugqnqqh-72e1dfb0ff0811f12e800dd06a057286\">\n#top .av-special-heading.av-kugqnqqh-72e1dfb0ff0811f12e800dd06a057286{\npadding-bottom:0px;\n}\n<\/style>\n<div  class='av-special-heading av-kugqnqqh-72e1dfb0ff0811f12e800dd06a057286 av-special-heading-h1 blockquote modern-quote  avia-builder-el-1  el_before_av_hr  avia-builder-el-first  green-h fs-36 w-700 '><h1 class='av-special-heading-tag '  itemprop=\"headline\"  >Impressum<\/h1><div class='special-heading-border'><div class='special-heading-inner-border'><\/div><\/div><\/div>\n\n<style type=\"text\/css\" data-created_by=\"avia_inline_auto\" id=\"style-css-av-4kewd3-c5d1a7807949a3b1c25ccfac2d359cbd\">\n#top .hr.hr-invisible.av-4kewd3-c5d1a7807949a3b1c25ccfac2d359cbd{\nmargin-top:-50px;\nheight:1px;\n}\n<\/style>\n<div  class='hr av-4kewd3-c5d1a7807949a3b1c25ccfac2d359cbd hr-invisible  avia-builder-el-2  el_after_av_heading  el_before_av_one_full  '><span class='hr-inner '><span class=\"hr-inner-style\"><\/span><\/span><\/div>\n<div class='flex_column_table av-2473nr-c38bbe5976a3e7b808f043150c6a916b sc-av_one_full av-equal-height-column-flextable'>\n<style type=\"text\/css\" data-created_by=\"avia_inline_auto\" id=\"style-css-av-2473nr-c38bbe5976a3e7b808f043150c6a916b\">\n.flex_column.av-2473nr-c38bbe5976a3e7b808f043150c6a916b{\nborder-radius:0px 0px 0px 0px;\n-webkit-border-radius:0px 0px 0px 0px;\n-moz-border-radius:0px 0px 0px 0px;\n}\n<\/style>\n<div class='flex_column av-2473nr-c38bbe5976a3e7b808f043150c6a916b av_one_full  avia-builder-el-3  el_after_av_hr  avia-builder-el-last  first flex_column_table_cell av-equal-height-column av-align-top av-zero-column-padding '   id=\"aktuelle-themen\"  ><p><section class=\"av_textblock_section \"  itemscope=\"itemscope\" itemtype=\"https:\/\/schema.org\/CreativeWork\" ><div class='avia_textblock fs-18 lh-26 av_inherit_color '  style='font-size:18px; '  itemprop=\"text\" ><p><strong>Firmenanschrift:<\/strong><br \/>\nHelixor Heilmittel GmbH<br \/>\nFischerm\u00fchle 1<br \/>\n72348 Rosenfeld<br \/>\nDeutschland<\/p>\n<p>Tel.: 07428 935-0<br \/>\nFax: 07428 935-102<br \/>\nE-Mail: mail@helixor.de<br \/>\nInternet: www.helixor.de<\/p>\n<p><strong>Vertreten durch den Gesch\u00e4ftsf\u00fchrer:<\/strong><br \/>\nMarkus Struck<\/p>\n<p><strong>Handelsregister:<\/strong><br \/>\nAmtsgericht Stuttgart, HRB 410 561<\/p>\n<p><strong>Umsatzsteuer-Identifikationsnummer gem\u00e4\u00df \u00a727a Umsatzsteuergesetz:<\/strong><br \/>\nDE187828246<\/p>\n<p><strong>Aufsichtsbeh\u00f6rde:<\/strong><br \/>\nRegierungspr\u00e4sidium T\u00fcbingen<\/p>\n<p><strong>Verantwortlich f\u00fcr den Inhalt nach \u00a7 18 Abs. 2 MStV:<\/strong><br \/>\nG\u00fcnter Kantmann, Bereichsleitung Marketing und Vertrieb<br \/>\nHelixor Heilmittel GmbH<br \/>\nFischerm\u00fchle 1<br \/>\n72348 Rosenfeld<\/p>\n<p><strong>Audiovisuelle Mediendienste\u00a0<\/strong><\/p>\n<p>Die f\u00fcr die angebotenen audiovisuellen Mediendienste zust\u00e4ndige Regulierungs- und Aufsichtsbeh\u00f6rde:<\/p>\n<\/div><\/section><br \/>\n<section class=\"av_textblock_section \"  itemscope=\"itemscope\" itemtype=\"https:\/\/schema.org\/CreativeWork\" ><div class='avia_textblock fs-18 lh-26 pl-20 av_inherit_color '  style='font-size:18px; '  itemprop=\"text\" ><p>Landesanstalt f\u00fcr Kommunikation<br \/>\nReinsburgstra\u00dfe 27<br \/>\n70178 Stuttgart<br \/>\nhttps:\/\/www.lfk.de<\/p>\n<\/div><\/section><br \/>\n<section class=\"av_textblock_section \"  itemscope=\"itemscope\" itemtype=\"https:\/\/schema.org\/CreativeWork\" ><div class='avia_textblock fs-18 lh-26 im-socials av_inherit_color '  style='font-size:18px; '  itemprop=\"text\" ><p><strong>Bilder:<\/strong><br \/>\nBilder dienen der Veranschaulichung. Die abgebildeten Personen sind Modelle.<\/p>\n<\/div><\/section><br \/>\n<section class=\"av_textblock_section \"  itemscope=\"itemscope\" itemtype=\"https:\/\/schema.org\/CreativeWork\" ><div class='avia_textblock fs-18 lh-26 im-socials av_inherit_color '  style='font-size:18px; '  itemprop=\"text\" ><p><strong>Anwendungsbereich:<\/strong><br \/>\nDieses Impressum gilt auch f\u00fcr die nachfolgend genannten Social Media-Repr\u00e4sentanzen:<\/p>\n<p><a href=\"https:\/\/www.facebook.com\/Helixor\"><img loading=\"lazy\" decoding=\"async\" class=\"alignnone size-full wp-image-2148\" src=\"\/wp-content\/uploads\/2021\/10\/Social-Media-Facebook.svg\" alt=\"\" width=\"48\" height=\"48\" \/><\/a><br \/>\n<a href=\"https:\/\/www.instagram.com\/helixorheilmittel\/\"><img loading=\"lazy\" decoding=\"async\" class=\"alignnone size-full wp-image-2149\" src=\"\/wp-content\/uploads\/2021\/10\/Social-Media-Instagram.svg\" alt=\"\" width=\"48\" height=\"48\" \/><\/a><br \/>\n<a href=\"https:\/\/www.linkedin.com\/company\/helixor-heilmittel-gmbh\/\"> <img loading=\"lazy\" decoding=\"async\" class=\"alignnone size-full wp-image-2150\" src=\"\/wp-content\/uploads\/2021\/10\/Social-Media-LinkedIn.svg\" alt=\"\" width=\"48\" height=\"48\" \/> <\/a><br \/>\n<a href=\"https:\/\/www.xing.com\/pages\/helixor-heilmittel-gmbh\"><img loading=\"lazy\" decoding=\"async\" class=\"alignnone size-full wp-image-2147\" src=\"\/wp-content\/uploads\/2021\/10\/Social-Media-Xing.svg\" alt=\"\" width=\"48\" height=\"48\" \/><\/a><br \/>\n<a href=\"https:\/\/www.youtube.com\/channel\/UCJSq5Du8aH0o2wObX2LwSlw\"><img loading=\"lazy\" decoding=\"async\" class=\"alignnone size-full wp-image-2147\" src=\"\/wp-content\/uploads\/2021\/10\/Social-Media-Youtube.svg\" alt=\"\" width=\"48\" height=\"48\" \/><\/a><\/p>\n<\/div><\/section><br \/>\n<section class=\"av_textblock_section \"  itemscope=\"itemscope\" itemtype=\"https:\/\/schema.org\/CreativeWork\" ><div class='avia_textblock fs-18 lh-26 av_inherit_color '  style='font-size:18px; '  itemprop=\"text\" ><p><strong>Bildquellen:<\/strong><br \/>\n\u00a9 R. Kn\u00f6ringer<br \/>\n\u00a9 HP Hoffmann<br \/>\n\u00a9 Die Filderklinik<br \/>\n\u00a9 C. Valentien<br \/>\n\u00a9 D. Majer<br \/>\n\u00a9 M. Collette<br \/>\n\u00a9 G. G\u00fcnter<br \/>\n\u00a9 G. Antonowitsch<br \/>\n\u00a9 C. Spitzbarth<br \/>\n\u00a9 momius, rangizzz, pressmaster, Alexander Raths, pp76, Andrey Kuzmin, clearviewstock, imagINC, Yantra, RRF, pixelfokus, by-studio, mitrija &#8211; Fotolia.com<br \/>\n\u00a9 Stockbyte\/Stockbyte\/Getty Images, Image Source\/Image Source\/Getty Images, Antonio Mio\/Photodisc\/Getty Images<br \/>\n\u00a9 AlexKalina\/123RF Stock Foto<br \/>\nstock.adobe.com &#8211; \u00a9goodluz<br \/>\nstock.adobe.com &#8211; \u00a9Gorodenkoff<br \/>\nstock.adobe.com &#8211; \u00a9contrastwerkstatt<\/p>\n<\/div><\/section><\/p><\/div><\/div><!--close column table wrapper. Autoclose: 1 -->\n","protected":false},"excerpt":{"rendered":"","protected":false},"author":5,"featured_media":0,"parent":0,"menu_order":0,"comment_status":"closed","ping_status":"closed","template":"","meta":{"_acf_changed":false,"inline_featured_image":false,"footnotes":""},"class_list":["post-7525","page","type-page","status-publish","hentry"],"acf":[],"yoast_head":"<!-- This site is optimized with the Yoast SEO plugin v27.5 - https:\/\/yoast.com\/product\/yoast-seo-wordpress\/ -->\n<title>Impressum | Helixor Heilmittel GmbH<\/title>\n<meta name=\"description\" content=\"Alle wichtigen Informationen und Angaben rund um die Helixor Heilmittel GmbH jetzt nachlesen.\" \/>\n<meta name=\"robots\" content=\"index, follow, max-snippet:-1, max-image-preview:large, max-video-preview:-1\" \/>\n<link rel=\"canonical\" href=\"https:\/\/www.helixor.de\/de-ch\/impressum\/\" \/>\n<meta property=\"og:locale\" content=\"de_DE\" \/>\n<meta property=\"og:type\" content=\"article\" \/>\n<meta property=\"og:title\" content=\"Impressum | Helixor Heilmittel GmbH\" \/>\n<meta property=\"og:description\" content=\"Alle wichtigen Informationen und Angaben rund um die Helixor Heilmittel GmbH jetzt nachlesen.\" \/>\n<meta property=\"og:url\" content=\"https:\/\/www.helixor.de\/de-ch\/impressum\/\" \/>\n<meta property=\"og:site_name\" content=\"Helixor\" \/>\n<meta property=\"article:modified_time\" content=\"2024-12-02T07:02:48+00:00\" \/>\n<meta name=\"twitter:card\" content=\"summary_large_image\" \/>\n<meta name=\"twitter:label1\" content=\"Gesch\u00e4tzte Lesezeit\" \/>\n\t<meta name=\"twitter:data1\" content=\"4\u00a0Minuten\" \/>\n<script type=\"application\/ld+json\" class=\"yoast-schema-graph\">{\"@context\":\"https:\\\/\\\/schema.org\",\"@graph\":[{\"@type\":\"WebPage\",\"@id\":\"https:\\\/\\\/www.helixor.de\\\/de-ch\\\/impressum\\\/\",\"url\":\"https:\\\/\\\/www.helixor.de\\\/de-ch\\\/impressum\\\/\",\"name\":\"Impressum | Helixor Heilmittel GmbH\",\"isPartOf\":{\"@id\":\"https:\\\/\\\/www.helixor.de\\\/#website\"},\"datePublished\":\"2021-10-07T09:28:01+00:00\",\"dateModified\":\"2024-12-02T07:02:48+00:00\",\"description\":\"Alle wichtigen Informationen und Angaben rund um die Helixor Heilmittel GmbH jetzt nachlesen.\",\"breadcrumb\":{\"@id\":\"https:\\\/\\\/www.helixor.de\\\/de-ch\\\/impressum\\\/#breadcrumb\"},\"inLanguage\":\"de-CH\",\"potentialAction\":[{\"@type\":\"ReadAction\",\"target\":[\"https:\\\/\\\/www.helixor.de\\\/de-ch\\\/impressum\\\/\"]}]},{\"@type\":\"BreadcrumbList\",\"@id\":\"https:\\\/\\\/www.helixor.de\\\/de-ch\\\/impressum\\\/#breadcrumb\",\"itemListElement\":[{\"@type\":\"ListItem\",\"position\":1,\"name\":\"Startseite\",\"item\":\"https:\\\/\\\/www.helixor.de\\\/de-ch\\\/home-page\\\/\"},{\"@type\":\"ListItem\",\"position\":2,\"name\":\"Impressum\"}]},{\"@type\":\"WebSite\",\"@id\":\"https:\\\/\\\/www.helixor.de\\\/#website\",\"url\":\"https:\\\/\\\/www.helixor.de\\\/\",\"name\":\"Helixor\",\"description\":\"Dem Leben Leben geben.\",\"potentialAction\":[{\"@type\":\"SearchAction\",\"target\":{\"@type\":\"EntryPoint\",\"urlTemplate\":\"https:\\\/\\\/www.helixor.de\\\/?s={search_term_string}\"},\"query-input\":{\"@type\":\"PropertyValueSpecification\",\"valueRequired\":true,\"valueName\":\"search_term_string\"}}],\"inLanguage\":\"de-CH\"}]}<\/script>\n<!-- \/ Yoast SEO plugin. -->","yoast_head_json":{"title":"Impressum | Helixor Heilmittel GmbH","description":"Alle wichtigen Informationen und Angaben rund um die Helixor Heilmittel GmbH jetzt nachlesen.","robots":{"index":"index","follow":"follow","max-snippet":"max-snippet:-1","max-image-preview":"max-image-preview:large","max-video-preview":"max-video-preview:-1"},"canonical":"https:\/\/www.helixor.de\/de-ch\/impressum\/","og_locale":"de_DE","og_type":"article","og_title":"Impressum | Helixor Heilmittel GmbH","og_description":"Alle wichtigen Informationen und Angaben rund um die Helixor Heilmittel GmbH jetzt nachlesen.","og_url":"https:\/\/www.helixor.de\/de-ch\/impressum\/","og_site_name":"Helixor","article_modified_time":"2024-12-02T07:02:48+00:00","twitter_card":"summary_large_image","twitter_misc":{"Gesch\u00e4tzte Lesezeit":"4\u00a0Minuten"},"schema":{"@context":"https:\/\/schema.org","@graph":[{"@type":"WebPage","@id":"https:\/\/www.helixor.de\/de-ch\/impressum\/","url":"https:\/\/www.helixor.de\/de-ch\/impressum\/","name":"Impressum | Helixor Heilmittel GmbH","isPartOf":{"@id":"https:\/\/www.helixor.de\/#website"},"datePublished":"2021-10-07T09:28:01+00:00","dateModified":"2024-12-02T07:02:48+00:00","description":"Alle wichtigen Informationen und Angaben rund um die Helixor Heilmittel GmbH jetzt nachlesen.","breadcrumb":{"@id":"https:\/\/www.helixor.de\/de-ch\/impressum\/#breadcrumb"},"inLanguage":"de-CH","potentialAction":[{"@type":"ReadAction","target":["https:\/\/www.helixor.de\/de-ch\/impressum\/"]}]},{"@type":"BreadcrumbList","@id":"https:\/\/www.helixor.de\/de-ch\/impressum\/#breadcrumb","itemListElement":[{"@type":"ListItem","position":1,"name":"Startseite","item":"https:\/\/www.helixor.de\/de-ch\/home-page\/"},{"@type":"ListItem","position":2,"name":"Impressum"}]},{"@type":"WebSite","@id":"https:\/\/www.helixor.de\/#website","url":"https:\/\/www.helixor.de\/","name":"Helixor","description":"Dem Leben Leben geben.","potentialAction":[{"@type":"SearchAction","target":{"@type":"EntryPoint","urlTemplate":"https:\/\/www.helixor.de\/?s={search_term_string}"},"query-input":{"@type":"PropertyValueSpecification","valueRequired":true,"valueName":"search_term_string"}}],"inLanguage":"de-CH"}]}},"_links":{"self":[{"href":"https:\/\/www.helixor.de\/de-ch\/wp-json\/wp\/v2\/pages\/7525","targetHints":{"allow":["GET"]}}],"collection":[{"href":"https:\/\/www.helixor.de\/de-ch\/wp-json\/wp\/v2\/pages"}],"about":[{"href":"https:\/\/www.helixor.de\/de-ch\/wp-json\/wp\/v2\/types\/page"}],"author":[{"embeddable":true,"href":"https:\/\/www.helixor.de\/de-ch\/wp-json\/wp\/v2\/users\/5"}],"replies":[{"embeddable":true,"href":"https:\/\/www.helixor.de\/de-ch\/wp-json\/wp\/v2\/comments?post=7525"}],"version-history":[{"count":6,"href":"https:\/\/www.helixor.de\/de-ch\/wp-json\/wp\/v2\/pages\/7525\/revisions"}],"predecessor-version":[{"id":17088,"href":"https:\/\/www.helixor.de\/de-ch\/wp-json\/wp\/v2\/pages\/7525\/revisions\/17088"}],"wp:attachment":[{"href":"https:\/\/www.helixor.de\/de-ch\/wp-json\/wp\/v2\/media?parent=7525"}],"curies":[{"name":"wp","href":"https:\/\/api.w.org\/{rel}","templated":true}]}}