{"id":7199,"date":"2021-10-19T09:13:44","date_gmt":"2021-10-19T07:13:44","guid":{"rendered":"https:\/\/www.helixor.de\/apotheken-bestellung\/"},"modified":"2025-07-10T11:36:31","modified_gmt":"2025-07-10T09:36:31","slug":"produktuebersicht","status":"publish","type":"page","link":"https:\/\/www.helixor.de\/de-ch\/produktuebersicht\/","title":{"rendered":"Produkt\u00fcbersicht"},"content":{"rendered":"\n<style type=\"text\/css\" data-created_by=\"avia_inline_auto\" id=\"style-css-av-kuxqtna6-ad4136ebe0e427e635b4b8ee616be09e\">\n.avia-section.av-kuxqtna6-ad4136ebe0e427e635b4b8ee616be09e{\nbackground-color:rgba(255,255,255,0.01);\nbackground-repeat:no-repeat;\nbackground-image:url(https:\/\/www.helixor.de\/wp-content\/uploads\/2021\/10\/Bezugsquellen_Headerbild-min.jpg);\nbackground-position:50% 0%;\nbackground-attachment:scroll;\n}\n<\/style>\n<div id='av_section_1'  class='avia-section av-kuxqtna6-ad4136ebe0e427e635b4b8ee616be09e main_color avia-section-default avia-no-border-styling  avia-builder-el-0  el_before_av_section  avia-builder-el-first  mob-h400 text-bottom invalid-custom-class-found avia-full-stretch avia-bg-style-scroll  av-minimum-height av-minimum-height-75  container_wrap fullsize'  data-section-bg-repeat='stretch' data-av_minimum_height_pc='75'><div class='container av-section-cont-open' ><main  role=\"main\" itemprop=\"mainContentOfPage\"  class='template-page content  av-content-full alpha units'><div class='post-entry post-entry-type-page post-entry-7199'><div class='entry-content-wrapper clearfix'>\n\n<style type=\"text\/css\" data-created_by=\"avia_inline_auto\" id=\"style-css-av-b6o5ws-07d0835b423dbc01d87c74211e807d9f\">\n.flex_column.av-b6o5ws-07d0835b423dbc01d87c74211e807d9f{\nborder-radius:0px 0px 0px 0px;\n-webkit-border-radius:0px 0px 0px 0px;\n-moz-border-radius:0px 0px 0px 0px;\n}\n<\/style>\n<div class='flex_column av-b6o5ws-07d0835b423dbc01d87c74211e807d9f av_one_full  avia-builder-el-1  avia-builder-el-no-sibling  first flex_column_div av-zero-column-padding '   ><p>\n<style type=\"text\/css\" data-created_by=\"avia_inline_auto\" id=\"style-css-av-kuxqu1f2-08332bbc22a30399039399252ef19411\">\n#top .av-special-heading.av-kuxqu1f2-08332bbc22a30399039399252ef19411{\npadding-bottom:10px;\ncolor:#ffffff;\n}\n.av-special-heading.av-kuxqu1f2-08332bbc22a30399039399252ef19411 .special-heading-inner-border{\nborder-color:#ffffff;\n}\n<\/style>\n<div  class='av-special-heading av-kuxqu1f2-08332bbc22a30399039399252ef19411 av-special-heading-h1 custom-color-heading blockquote modern-quote  avia-builder-el-2  el_before_av_hr  avia-builder-el-first  big-top-title white-title '><h1 class='av-special-heading-tag '  itemprop=\"headline\"  >PRODUKT\u00dcBERSICHT<\/h1><div class='special-heading-border'><div class='special-heading-inner-border'><\/div><\/div><\/div><br \/>\n\n<style type=\"text\/css\" data-created_by=\"avia_inline_auto\" id=\"style-css-av-kuxqtt5l-550011b5192e9c8cf444966cb5fefbac\">\n#top .hr.hr-invisible.av-kuxqtt5l-550011b5192e9c8cf444966cb5fefbac{\nheight:150px;\n}\n<\/style>\n<div  class='hr av-kuxqtt5l-550011b5192e9c8cf444966cb5fefbac hr-invisible  avia-builder-el-3  el_after_av_heading  avia-builder-el-last   av-small-hide av-mini-hide'><span class='hr-inner '><span class=\"hr-inner-style\"><\/span><\/span><\/div><\/p><\/div>\n\n<\/div><\/div><\/main><!-- close content main element --><\/div><\/div>\n<style type=\"text\/css\" data-created_by=\"avia_inline_auto\" id=\"style-css-av-9pe2zg-b3749b4b611779ebf961d2da27012f07\">\n.avia-section.av-9pe2zg-b3749b4b611779ebf961d2da27012f07{\nbackground-color:rgba(0,0,0,0.01);\nbackground-repeat:no-repeat;\nbackground-image:url(https:\/\/www.helixor.de\/wp-content\/uploads\/2021\/03\/Pfad_661.png);\nbackground-position:0% 0%;\nbackground-attachment:scroll;\n}\n<\/style>\n<div id='av_section_2'  class='avia-section av-9pe2zg-b3749b4b611779ebf961d2da27012f07 main_color avia-section-no-padding avia-no-border-styling  avia-builder-el-4  el_after_av_section  el_before_av_section  section-2 avia-full-stretch avia-bg-style-scroll  container_wrap fullsize'  data-section-bg-repeat='stretch'><div class='container av-section-cont-open' ><div class='template-page content  av-content-full alpha units'><div class='post-entry post-entry-type-page post-entry-7199'><div class='entry-content-wrapper clearfix'>\n<\/div><\/div><\/div><!-- close content main div --><\/div><\/div><div id='av_section_3'  class='avia-section av-7e03zw-932a335710158476dbc3fc1c041ea910 main_color avia-section-default avia-no-border-styling  avia-builder-el-5  el_after_av_section  el_before_av_section  custom-text avia-bg-style-scroll  container_wrap fullsize'  ><div class='container av-section-cont-open' ><div class='template-page content  av-content-full alpha units'><div class='post-entry post-entry-type-page post-entry-7199'><div class='entry-content-wrapper clearfix'>\n<div class='flex_column_table av-h54uk-f4dbc5fe7764bec818399006f5f751fd sc-av_one_full av-equal-height-column-flextable'>\n<style type=\"text\/css\" data-created_by=\"avia_inline_auto\" id=\"style-css-av-h54uk-f4dbc5fe7764bec818399006f5f751fd\">\n.flex_column.av-h54uk-f4dbc5fe7764bec818399006f5f751fd{\nborder-radius:0px 0px 0px 0px;\n-webkit-border-radius:0px 0px 0px 0px;\n-moz-border-radius:0px 0px 0px 0px;\n}\n<\/style>\n<div class='flex_column av-h54uk-f4dbc5fe7764bec818399006f5f751fd av_one_full  avia-builder-el-6  avia-builder-el-no-sibling  first flex_column_table_cell av-equal-height-column av-align-top av-zero-column-padding '   ><p>\n<style type=\"text\/css\" data-created_by=\"avia_inline_auto\" id=\"style-css-av-kuxr00ck-ea89358635511ab4a009277ad901c931\">\n#top .av-special-heading.av-kuxr00ck-ea89358635511ab4a009277ad901c931{\npadding-bottom:0px;\n}\n<\/style>\n<div  class='av-special-heading av-kuxr00ck-ea89358635511ab4a009277ad901c931 av-special-heading-h2 blockquote modern-quote  avia-builder-el-7  el_before_av_hr  avia-builder-el-first  orange-h fs-36 w-700 lh-48 '><h2 class='av-special-heading-tag '  itemprop=\"headline\"  >PHARMACODE<\/h2><div class='special-heading-border'><div class='special-heading-inner-border'><\/div><\/div><\/div><br \/>\n\n<style type=\"text\/css\" data-created_by=\"avia_inline_auto\" id=\"style-css-av-7izfg-f0ce3cb80c1a069e3221f5e06002bf50\">\n#top .hr.hr-invisible.av-7izfg-f0ce3cb80c1a069e3221f5e06002bf50{\nmargin-top:-10px;\nheight:1px;\n}\n<\/style>\n<div  class='hr av-7izfg-f0ce3cb80c1a069e3221f5e06002bf50 hr-invisible  avia-builder-el-8  el_after_av_heading  el_before_av_textblock  '><span class='hr-inner '><span class=\"hr-inner-style\"><\/span><\/span><\/div><br \/>\n<section class=\"av_textblock_section \"  itemscope=\"itemscope\" itemtype=\"https:\/\/schema.org\/CreativeWork\" ><div class='avia_textblock fs-24 lh-33 orange-a a-14 a-download av_inherit_color '  style='font-size:18px; '  itemprop=\"text\" ><p><strong>Helixor<sup>\u00ae<\/sup> Misteltherapie<\/strong><br \/>\n<a href=\"https:\/\/www.helixor.de\/wp-content\/uploads\/2025\/07\/2024006-PZN_ON-F-CH_L.pdf\">DOWNLOAD<\/a><\/p>\n<\/div><\/section><\/p><\/div><\/div><!--close column table wrapper. Autoclose: 1 --><\/div><\/div><\/div><!-- close content main div --><\/div><\/div><div id='av_section_4'  class='avia-section av-90jg70-89b8324241942da85b794ca42fc8c771 main_color avia-section-default avia-no-border-styling  avia-builder-el-10  el_after_av_section  el_before_av_section  people-wrap avia-bg-style-scroll  container_wrap fullsize'  ><div class='container av-section-cont-open' ><div class='template-page content  av-content-full alpha units'><div class='post-entry post-entry-type-page post-entry-7199'><div class='entry-content-wrapper clearfix'>\n\n<style type=\"text\/css\" data-created_by=\"avia_inline_auto\" id=\"style-css-av-5qprks-f151aa7c715c1a6e4404877ac052648f\">\n#top .hr.hr-invisible.av-5qprks-f151aa7c715c1a6e4404877ac052648f{\nmargin-top:-10px;\nheight:1px;\n}\n<\/style>\n<div  class='hr av-5qprks-f151aa7c715c1a6e4404877ac052648f hr-invisible  avia-builder-el-11  avia-builder-el-no-sibling  '><span class='hr-inner '><span class=\"hr-inner-style\"><\/span><\/span><\/div>\n<\/p>\n<\/div><\/div><\/div><!-- close content main div --><\/div><\/div><div id='av_section_5'  class='avia-section av-av_section-af041341001dc252e73fe35bc52bb5ff main_color avia-section-default avia-no-border-styling  avia-builder-el-12  el_after_av_section  avia-builder-el-last  avia-bg-style-scroll  av-desktop-hide av-medium-hide av-small-hide av-mini-hide container_wrap fullsize'  ><div class='container av-section-cont-open' ><div class='template-page content  av-content-full alpha units'><div class='post-entry post-entry-type-page post-entry-7199'><div class='entry-content-wrapper clearfix'>\n<div class='flex_column_table av-4kyun0-847144f7e1df3e3905082468118af84a sc-av_one_fifth av-equal-height-column-flextable'><div class='flex_column av-4kyun0-847144f7e1df3e3905082468118af84a av_one_fifth  avia-builder-el-13  el_before_av_one_half  avia-builder-el-first  first flex_column_table_cell av-equal-height-column av-align-middle '   ><style type=\"text\/css\" data-created_by=\"avia_inline_auto\" id=\"style-css-av-kuxrafks-511e645324344d56aa7d568ba1c8d095\">\n.avia-image-container.av-kuxrafks-511e645324344d56aa7d568ba1c8d095 .av-image-caption-overlay-center{\ncolor:#ffffff;\n}\n<\/style>\n<div  class='avia-image-container av-kuxrafks-511e645324344d56aa7d568ba1c8d095 av-styling- avia-align-center  avia-builder-el-14  avia-builder-el-no-sibling  '  itemprop=\"image\" itemscope=\"itemscope\" itemtype=\"https:\/\/schema.org\/ImageObject\" ><div class=\"avia-image-container-inner\"><div class=\"avia-image-overlay-wrap\"><img decoding=\"async\" class='wp-image-6812 avia-img-lazy-loading-not-6812 avia_image' src=\"https:\/\/www.helixor.de\/wp-content\/uploads\/2021\/10\/Unser-Service-Fach_Bestellung-fur-Apotheken_Sonja-Steinle.png\" alt='' title='Unser Service Fach_Bestellung f\u00fcr Apotheken_Sonja-Steinle'  height=\"215\" width=\"215\"  itemprop=\"thumbnailUrl\" srcset=\"https:\/\/www.helixor.de\/wp-content\/uploads\/2021\/10\/Unser-Service-Fach_Bestellung-fur-Apotheken_Sonja-Steinle.png 215w, https:\/\/www.helixor.de\/wp-content\/uploads\/2021\/10\/Unser-Service-Fach_Bestellung-fur-Apotheken_Sonja-Steinle-80x80.png 80w, https:\/\/www.helixor.de\/wp-content\/uploads\/2021\/10\/Unser-Service-Fach_Bestellung-fur-Apotheken_Sonja-Steinle-36x36.png 36w, https:\/\/www.helixor.de\/wp-content\/uploads\/2021\/10\/Unser-Service-Fach_Bestellung-fur-Apotheken_Sonja-Steinle-180x180.png 180w\" sizes=\"(max-width: 215px) 100vw, 215px\" \/><\/div><\/div><\/div><\/div><div class='av-flex-placeholder'><\/div><div class='flex_column av-2dz9t8-e4f84030f56135ac84236415f4eea924 av_one_half  avia-builder-el-15  el_after_av_one_fifth  el_before_av_one_fourth  flex_column_table_cell av-equal-height-column av-align-middle '   ><\/div><div class='av-flex-placeholder'><\/div><div class='flex_column av-xxh8-7baeb715088f688b9b8e5db9b6b4be7c av_one_fourth  avia-builder-el-16  el_after_av_one_half  el_before_av_textblock  flex_column_table_cell av-equal-height-column av-align-middle '   ><p><section class=\"av_textblock_section \"  itemscope=\"itemscope\" itemtype=\"https:\/\/schema.org\/CreativeWork\" ><div class='avia_textblock  av_inherit_color '  style='font-size:36px; '  itemprop=\"text\" ><p><strong>Sonja Steinle<\/strong><\/p>\n<\/div><\/section><br \/>\n\n<style type=\"text\/css\" data-created_by=\"avia_inline_auto\" id=\"style-css-av-kuxrpo2c-c9d3b091fc759e799b2d94481bbd83b9\">\n#top .hr.hr-invisible.av-kuxrpo2c-c9d3b091fc759e799b2d94481bbd83b9{\nmargin-top:-40px;\nheight:1px;\n}\n<\/style>\n<div  class='hr av-kuxrpo2c-c9d3b091fc759e799b2d94481bbd83b9 hr-invisible  avia-builder-el-18  el_after_av_textblock  el_before_av_textblock  '><span class='hr-inner '><span class=\"hr-inner-style\"><\/span><\/span><\/div><br \/>\n<section class=\"av_textblock_section \"  itemscope=\"itemscope\" itemtype=\"https:\/\/schema.org\/CreativeWork\" ><div class='avia_textblock fs-18 lh-26 av_inherit_color '  style='font-size:18px; '  itemprop=\"text\" ><p><strong><a class=\"tel-style\" href=\"tel:+4907428935626 \">+49 (0) 07428 935 626 <\/a><\/strong><br \/>\n<strong> <a class=\"email-style\" href=\"mailto:ssteinle@helixor.de\">ssteinle@helixor.de<\/a><\/strong><\/p>\n<\/div><\/section><\/p><\/div><\/div><!--close column table wrapper. Autoclose: 1 --><section class=\"av_textblock_section \"  itemscope=\"itemscope\" itemtype=\"https:\/\/schema.org\/CreativeWork\" ><div class='avia_textblock  '   itemprop=\"text\" ><p>Here you can drag and drop elements from the section below if you want to hide them \u2193<\/p>\n<\/div><\/section>\n<section class=\"av_textblock_section \"  itemscope=\"itemscope\" itemtype=\"https:\/\/schema.org\/CreativeWork\" ><div class='avia_textblock fs-24 lh-33 orange-a a-14 a-download av_inherit_color '  style='font-size:18px; '  itemprop=\"text\" ><p><strong>Helleborustherapie<\/strong><br \/>\n<a href=\"http:\/\/www.helixor.de\/wp-content\/uploads\/2021\/10\/Preisliste-Helleborus.pdf\">DOWNLOAD<\/a><\/p>\n<\/div><\/section>\n<div class='flex_column av-7j1824-ad4b71942593ef0644ddef4ffda767e4 av_one_full  avia-builder-el-22  el_after_av_textblock  el_before_av_one_full  first flex_column_div column-top-margin'   ><style type=\"text\/css\" data-created_by=\"avia_inline_auto\" id=\"style-css-av-kuxr9qcc-736467ec0f720dab4d168afac9002ca2\">\n#top .av-special-heading.av-kuxr9qcc-736467ec0f720dab4d168afac9002ca2{\npadding-bottom:0px;\n}\n<\/style>\n<div  class='av-special-heading av-kuxr9qcc-736467ec0f720dab4d168afac9002ca2 av-special-heading-h2 blockquote modern-quote  avia-builder-el-23  avia-builder-el-no-sibling  orange-h fs-36 w-700 lh-48 '><h2 class='av-special-heading-tag '  itemprop=\"headline\"  >ANSPRECHPERSON F\u00dcR ONLINE-APOTHEKEN:<\/h2><div class='special-heading-border'><div class='special-heading-inner-border'><\/div><\/div><\/div><\/div><div class='flex_column_table av-ja2ws-581f55bc96f5399f5971759e53d0654f sc-av_one_full av-equal-height-column-flextable'>\n<style type=\"text\/css\" data-created_by=\"avia_inline_auto\" id=\"style-css-av-ja2ws-581f55bc96f5399f5971759e53d0654f\">\n.flex_column.av-ja2ws-581f55bc96f5399f5971759e53d0654f{\nborder-radius:0px 0px 0px 0px;\n-webkit-border-radius:0px 0px 0px 0px;\n-moz-border-radius:0px 0px 0px 0px;\n}\n<\/style>\n<div class='flex_column av-ja2ws-581f55bc96f5399f5971759e53d0654f av_one_full  avia-builder-el-24  el_after_av_one_full  avia-builder-el-last  first flex_column_table_cell av-equal-height-column av-align-top av-zero-column-padding column-top-margin'   ><p>\n<style type=\"text\/css\" data-created_by=\"avia_inline_auto\" id=\"style-css-av-kuxqvf97-daf7021b7f8113fa32f4593e4d9128aa\">\n#top .av-special-heading.av-kuxqvf97-daf7021b7f8113fa32f4593e4d9128aa{\npadding-bottom:0px;\n}\n<\/style>\n<div  class='av-special-heading av-kuxqvf97-daf7021b7f8113fa32f4593e4d9128aa av-special-heading-h2 blockquote modern-quote  avia-builder-el-25  el_before_av_hr  avia-builder-el-first  orange-h fs-36 w-700 lh-48 '><h2 class='av-special-heading-tag '  itemprop=\"headline\"  >APOTHEKEN\u00adSOFTWARE<\/h2><div class='special-heading-border'><div class='special-heading-inner-border'><\/div><\/div><\/div><br \/>\n\n<style type=\"text\/css\" data-created_by=\"avia_inline_auto\" id=\"style-css-av-kuxqvohv-457f28e6cbe13f224467af4e107b5dea\">\n#top .hr.hr-invisible.av-kuxqvohv-457f28e6cbe13f224467af4e107b5dea{\nmargin-top:-10px;\nheight:1px;\n}\n<\/style>\n<div  class='hr av-kuxqvohv-457f28e6cbe13f224467af4e107b5dea hr-invisible  avia-builder-el-26  el_after_av_heading  el_before_av_textblock  '><span class='hr-inner '><span class=\"hr-inner-style\"><\/span><\/span><\/div><br \/>\n<section class=\"av_textblock_section \"  itemscope=\"itemscope\" itemtype=\"https:\/\/schema.org\/CreativeWork\" ><div class='avia_textblock fs-18 lh-26 av_inherit_color '  style='font-size:18px; '  itemprop=\"text\" ><p>Mit der Schnittstelle MSV3 bestellen Sie unsere Produkte aus Mistel und Christrose direkt \u00fcber Ihre Apothekensoftware. Bei Fragen oder wenn Sie Ihre Zugangsdaten ben\u00f6tigen, sind wir f\u00fcr Sie da:<\/p>\n<\/div><\/section><br \/>\n<section class=\"av_textblock_section \"  itemscope=\"itemscope\" itemtype=\"https:\/\/schema.org\/CreativeWork\" ><div class='avia_textblock fs-18 lh-26 av_inherit_color '  style='font-size:18px; '  itemprop=\"text\" ><p><strong><a class=\"tel-style\" href=\"tel:+07428935659\">07428 935-659<\/a><\/strong><br \/>\n<strong> <a class=\"email-style\" href=\"mailto:info@helixor.de\">info@helixor.de<\/a><\/strong><\/p>\n<\/div><\/section><\/p><\/div><\/div><!--close column table wrapper. Autoclose: 1 -->\n\n","protected":false},"excerpt":{"rendered":"","protected":false},"author":5,"featured_media":0,"parent":0,"menu_order":0,"comment_status":"closed","ping_status":"closed","template":"","meta":{"_acf_changed":false,"inline_featured_image":false,"footnotes":""},"class_list":["post-7199","page","type-page","status-publish","hentry"],"acf":[],"yoast_head":"<!-- This site is optimized with the Yoast SEO plugin v27.5 - https:\/\/yoast.com\/product\/yoast-seo-wordpress\/ -->\n<title>Produkt\u00fcbersicht - Helixor<\/title>\n<meta name=\"robots\" content=\"noindex, nofollow\" \/>\n<meta property=\"og:locale\" content=\"de_DE\" \/>\n<meta property=\"og:type\" content=\"article\" \/>\n<meta property=\"og:title\" content=\"Produkt\u00fcbersicht - Helixor\" \/>\n<meta property=\"og:url\" content=\"https:\/\/www.helixor.de\/de-ch\/produktuebersicht\/\" \/>\n<meta property=\"og:site_name\" content=\"Helixor\" \/>\n<meta property=\"article:modified_time\" content=\"2025-07-10T09:36:31+00:00\" \/>\n<meta name=\"twitter:card\" content=\"summary_large_image\" \/>\n<meta name=\"twitter:label1\" content=\"Gesch\u00e4tzte Lesezeit\" \/>\n\t<meta name=\"twitter:data1\" content=\"7\u00a0Minuten\" \/>\n<script type=\"application\/ld+json\" class=\"yoast-schema-graph\">{\"@context\":\"https:\\\/\\\/schema.org\",\"@graph\":[{\"@type\":\"WebPage\",\"@id\":\"https:\\\/\\\/www.helixor.de\\\/de-ch\\\/produktuebersicht\\\/\",\"url\":\"https:\\\/\\\/www.helixor.de\\\/de-ch\\\/produktuebersicht\\\/\",\"name\":\"Produkt\u00fcbersicht - Helixor\",\"isPartOf\":{\"@id\":\"https:\\\/\\\/www.helixor.de\\\/#website\"},\"datePublished\":\"2021-10-19T07:13:44+00:00\",\"dateModified\":\"2025-07-10T09:36:31+00:00\",\"breadcrumb\":{\"@id\":\"https:\\\/\\\/www.helixor.de\\\/de-ch\\\/produktuebersicht\\\/#breadcrumb\"},\"inLanguage\":\"de-CH\",\"potentialAction\":[{\"@type\":\"ReadAction\",\"target\":[\"https:\\\/\\\/www.helixor.de\\\/de-ch\\\/produktuebersicht\\\/\"]}]},{\"@type\":\"BreadcrumbList\",\"@id\":\"https:\\\/\\\/www.helixor.de\\\/de-ch\\\/produktuebersicht\\\/#breadcrumb\",\"itemListElement\":[{\"@type\":\"ListItem\",\"position\":1,\"name\":\"Startseite\",\"item\":\"https:\\\/\\\/www.helixor.de\\\/de-ch\\\/home-page\\\/\"},{\"@type\":\"ListItem\",\"position\":2,\"name\":\"Produkt\u00fcbersicht\"}]},{\"@type\":\"WebSite\",\"@id\":\"https:\\\/\\\/www.helixor.de\\\/#website\",\"url\":\"https:\\\/\\\/www.helixor.de\\\/\",\"name\":\"Helixor\",\"description\":\"Dem Leben Leben geben.\",\"potentialAction\":[{\"@type\":\"SearchAction\",\"target\":{\"@type\":\"EntryPoint\",\"urlTemplate\":\"https:\\\/\\\/www.helixor.de\\\/?s={search_term_string}\"},\"query-input\":{\"@type\":\"PropertyValueSpecification\",\"valueRequired\":true,\"valueName\":\"search_term_string\"}}],\"inLanguage\":\"de-CH\"}]}<\/script>\n<!-- \/ Yoast SEO plugin. -->","yoast_head_json":{"title":"Produkt\u00fcbersicht - Helixor","robots":{"index":"noindex","follow":"nofollow"},"og_locale":"de_DE","og_type":"article","og_title":"Produkt\u00fcbersicht - Helixor","og_url":"https:\/\/www.helixor.de\/de-ch\/produktuebersicht\/","og_site_name":"Helixor","article_modified_time":"2025-07-10T09:36:31+00:00","twitter_card":"summary_large_image","twitter_misc":{"Gesch\u00e4tzte Lesezeit":"7\u00a0Minuten"},"schema":{"@context":"https:\/\/schema.org","@graph":[{"@type":"WebPage","@id":"https:\/\/www.helixor.de\/de-ch\/produktuebersicht\/","url":"https:\/\/www.helixor.de\/de-ch\/produktuebersicht\/","name":"Produkt\u00fcbersicht - Helixor","isPartOf":{"@id":"https:\/\/www.helixor.de\/#website"},"datePublished":"2021-10-19T07:13:44+00:00","dateModified":"2025-07-10T09:36:31+00:00","breadcrumb":{"@id":"https:\/\/www.helixor.de\/de-ch\/produktuebersicht\/#breadcrumb"},"inLanguage":"de-CH","potentialAction":[{"@type":"ReadAction","target":["https:\/\/www.helixor.de\/de-ch\/produktuebersicht\/"]}]},{"@type":"BreadcrumbList","@id":"https:\/\/www.helixor.de\/de-ch\/produktuebersicht\/#breadcrumb","itemListElement":[{"@type":"ListItem","position":1,"name":"Startseite","item":"https:\/\/www.helixor.de\/de-ch\/home-page\/"},{"@type":"ListItem","position":2,"name":"Produkt\u00fcbersicht"}]},{"@type":"WebSite","@id":"https:\/\/www.helixor.de\/#website","url":"https:\/\/www.helixor.de\/","name":"Helixor","description":"Dem Leben Leben geben.","potentialAction":[{"@type":"SearchAction","target":{"@type":"EntryPoint","urlTemplate":"https:\/\/www.helixor.de\/?s={search_term_string}"},"query-input":{"@type":"PropertyValueSpecification","valueRequired":true,"valueName":"search_term_string"}}],"inLanguage":"de-CH"}]}},"_links":{"self":[{"href":"https:\/\/www.helixor.de\/de-ch\/wp-json\/wp\/v2\/pages\/7199","targetHints":{"allow":["GET"]}}],"collection":[{"href":"https:\/\/www.helixor.de\/de-ch\/wp-json\/wp\/v2\/pages"}],"about":[{"href":"https:\/\/www.helixor.de\/de-ch\/wp-json\/wp\/v2\/types\/page"}],"author":[{"embeddable":true,"href":"https:\/\/www.helixor.de\/de-ch\/wp-json\/wp\/v2\/users\/5"}],"replies":[{"embeddable":true,"href":"https:\/\/www.helixor.de\/de-ch\/wp-json\/wp\/v2\/comments?post=7199"}],"version-history":[{"count":10,"href":"https:\/\/www.helixor.de\/de-ch\/wp-json\/wp\/v2\/pages\/7199\/revisions"}],"predecessor-version":[{"id":17961,"href":"https:\/\/www.helixor.de\/de-ch\/wp-json\/wp\/v2\/pages\/7199\/revisions\/17961"}],"wp:attachment":[{"href":"https:\/\/www.helixor.de\/de-ch\/wp-json\/wp\/v2\/media?parent=7199"}],"curies":[{"name":"wp","href":"https:\/\/api.w.org\/{rel}","templated":true}]}}